{"id":6904,"date":"2019-07-10T16:49:13","date_gmt":"2019-07-10T14:49:13","guid":{"rendered":"https:\/\/voice.global\/?page_id=6904"},"modified":"2020-02-24T08:23:56","modified_gmt":"2020-02-24T07:23:56","slug":"decharge","status":"publish","type":"page","link":"https:\/\/voice.global\/fr\/decharge\/","title":{"rendered":"D\u00e9charge de Responsabilit\u00e9"},"content":{"rendered":"<p>Voice encourage l&rsquo;amplification des voix des d\u00e9tenteurs de droits ainsi que des alli\u00e9s des d\u00e9tenteurs de droits qui ne sont peut-\u00eatre plus des partenaires de Voice ou qui ne l&rsquo;ont jamais \u00e9t\u00e9 dans leur travail en faveur de l&rsquo;inclusion et de la diversit\u00e9. Les opinions et les exp\u00e9riences partag\u00e9es ici sont purement personnelles.<\/p>\n","protected":false},"excerpt":{"rendered":"<p>Voice encourage l&rsquo;amplification des voix des d\u00e9tenteurs de droits ainsi que des alli\u00e9s des d\u00e9tenteurs de droits qui ne sont peut-\u00eatre plus des partenaires de Voice ou qui ne l&rsquo;ont jamais \u00e9t\u00e9 dans leur travail en faveur de l&rsquo;inclusion et de la diversit\u00e9. Les opinions et les exp\u00e9riences partag\u00e9es ici sont purement personnelles.<\/p>\n","protected":false},"author":1,"featured_media":0,"parent":0,"menu_order":28,"comment_status":"closed","ping_status":"closed","template":"","meta":{"footnotes":""},"class_list":["post-6904","page","type-page","status-publish","hentry"],"yoast_head":"<!-- This site is optimized with the Yoast SEO plugin v27.2 - https:\/\/yoast.com\/product\/yoast-seo-wordpress\/ -->\n<title>D\u00e9charge de Responsabilit\u00e9 - Voice.Global<\/title>\n<meta name=\"robots\" content=\"index, follow, max-snippet:-1, max-image-preview:large, max-video-preview:-1\" \/>\n<link rel=\"canonical\" href=\"https:\/\/voice.global\/fr\/decharge\/\" \/>\n<meta property=\"og:locale\" content=\"fr_FR\" \/>\n<meta property=\"og:type\" content=\"article\" \/>\n<meta property=\"og:title\" content=\"D\u00e9charge de Responsabilit\u00e9 - Voice.Global\" \/>\n<meta property=\"og:description\" content=\"Voice encourage l&rsquo;amplification des voix des d\u00e9tenteurs de droits ainsi que des alli\u00e9s des d\u00e9tenteurs de droits qui ne sont peut-\u00eatre plus des partenaires de Voice ou qui ne l&rsquo;ont jamais \u00e9t\u00e9 dans leur travail en faveur de l&rsquo;inclusion et de la diversit\u00e9. Les opinions et les exp\u00e9riences partag\u00e9es ici sont purement personnelles.\" \/>\n<meta property=\"og:url\" content=\"https:\/\/voice.global\/fr\/decharge\/\" \/>\n<meta property=\"og:site_name\" content=\"Voice.Global\" \/>\n<meta property=\"article:modified_time\" content=\"2020-02-24T07:23:56+00:00\" \/>\n<meta name=\"twitter:card\" content=\"summary_large_image\" \/>\n<script type=\"application\/ld+json\" class=\"yoast-schema-graph\">{\"@context\":\"https:\/\/schema.org\",\"@graph\":[{\"@type\":\"WebPage\",\"@id\":\"https:\/\/voice.global\/fr\/decharge\/\",\"url\":\"https:\/\/voice.global\/fr\/decharge\/\",\"name\":\"D\u00e9charge de Responsabilit\u00e9 - Voice.Global\",\"isPartOf\":{\"@id\":\"https:\/\/voice.global\/#website\"},\"datePublished\":\"2019-07-10T14:49:13+00:00\",\"dateModified\":\"2020-02-24T07:23:56+00:00\",\"breadcrumb\":{\"@id\":\"https:\/\/voice.global\/fr\/decharge\/#breadcrumb\"},\"inLanguage\":\"fr-FR\",\"potentialAction\":[{\"@type\":\"ReadAction\",\"target\":[\"https:\/\/voice.global\/fr\/decharge\/\"]}]},{\"@type\":\"BreadcrumbList\",\"@id\":\"https:\/\/voice.global\/fr\/decharge\/#breadcrumb\",\"itemListElement\":[{\"@type\":\"ListItem\",\"position\":1,\"name\":\"Home\",\"item\":\"https:\/\/voice.global\/fr\/\"},{\"@type\":\"ListItem\",\"position\":2,\"name\":\"D\u00e9charge de Responsabilit\u00e9\"}]},{\"@type\":\"WebSite\",\"@id\":\"https:\/\/voice.global\/#website\",\"url\":\"https:\/\/voice.global\/\",\"name\":\"Voice.Global\",\"description\":\"Include - Innovate - Influence\",\"potentialAction\":[{\"@type\":\"SearchAction\",\"target\":{\"@type\":\"EntryPoint\",\"urlTemplate\":\"https:\/\/voice.global\/?s={search_term_string}\"},\"query-input\":{\"@type\":\"PropertyValueSpecification\",\"valueRequired\":true,\"valueName\":\"search_term_string\"}}],\"inLanguage\":\"fr-FR\"}]}<\/script>\n<!-- \/ Yoast SEO plugin. -->","yoast_head_json":{"title":"D\u00e9charge de Responsabilit\u00e9 - Voice.Global","robots":{"index":"index","follow":"follow","max-snippet":"max-snippet:-1","max-image-preview":"max-image-preview:large","max-video-preview":"max-video-preview:-1"},"canonical":"https:\/\/voice.global\/fr\/decharge\/","og_locale":"fr_FR","og_type":"article","og_title":"D\u00e9charge de Responsabilit\u00e9 - Voice.Global","og_description":"Voice encourage l&rsquo;amplification des voix des d\u00e9tenteurs de droits ainsi que des alli\u00e9s des d\u00e9tenteurs de droits qui ne sont peut-\u00eatre plus des partenaires de Voice ou qui ne l&rsquo;ont jamais \u00e9t\u00e9 dans leur travail en faveur de l&rsquo;inclusion et de la diversit\u00e9. Les opinions et les exp\u00e9riences partag\u00e9es ici sont purement personnelles.","og_url":"https:\/\/voice.global\/fr\/decharge\/","og_site_name":"Voice.Global","article_modified_time":"2020-02-24T07:23:56+00:00","twitter_card":"summary_large_image","schema":{"@context":"https:\/\/schema.org","@graph":[{"@type":"WebPage","@id":"https:\/\/voice.global\/fr\/decharge\/","url":"https:\/\/voice.global\/fr\/decharge\/","name":"D\u00e9charge de Responsabilit\u00e9 - Voice.Global","isPartOf":{"@id":"https:\/\/voice.global\/#website"},"datePublished":"2019-07-10T14:49:13+00:00","dateModified":"2020-02-24T07:23:56+00:00","breadcrumb":{"@id":"https:\/\/voice.global\/fr\/decharge\/#breadcrumb"},"inLanguage":"fr-FR","potentialAction":[{"@type":"ReadAction","target":["https:\/\/voice.global\/fr\/decharge\/"]}]},{"@type":"BreadcrumbList","@id":"https:\/\/voice.global\/fr\/decharge\/#breadcrumb","itemListElement":[{"@type":"ListItem","position":1,"name":"Home","item":"https:\/\/voice.global\/fr\/"},{"@type":"ListItem","position":2,"name":"D\u00e9charge de Responsabilit\u00e9"}]},{"@type":"WebSite","@id":"https:\/\/voice.global\/#website","url":"https:\/\/voice.global\/","name":"Voice.Global","description":"Include - Innovate - Influence","potentialAction":[{"@type":"SearchAction","target":{"@type":"EntryPoint","urlTemplate":"https:\/\/voice.global\/?s={search_term_string}"},"query-input":{"@type":"PropertyValueSpecification","valueRequired":true,"valueName":"search_term_string"}}],"inLanguage":"fr-FR"}]}},"_links":{"self":[{"href":"https:\/\/voice.global\/fr\/wp-json\/wp\/v2\/pages\/6904","targetHints":{"allow":["GET"]}}],"collection":[{"href":"https:\/\/voice.global\/fr\/wp-json\/wp\/v2\/pages"}],"about":[{"href":"https:\/\/voice.global\/fr\/wp-json\/wp\/v2\/types\/page"}],"author":[{"embeddable":true,"href":"https:\/\/voice.global\/fr\/wp-json\/wp\/v2\/users\/1"}],"replies":[{"embeddable":true,"href":"https:\/\/voice.global\/fr\/wp-json\/wp\/v2\/comments?post=6904"}],"version-history":[{"count":3,"href":"https:\/\/voice.global\/fr\/wp-json\/wp\/v2\/pages\/6904\/revisions"}],"predecessor-version":[{"id":8872,"href":"https:\/\/voice.global\/fr\/wp-json\/wp\/v2\/pages\/6904\/revisions\/8872"}],"wp:attachment":[{"href":"https:\/\/voice.global\/fr\/wp-json\/wp\/v2\/media?parent=6904"}],"curies":[{"name":"wp","href":"https:\/\/api.w.org\/{rel}","templated":true}]}}