{"id":6043,"date":"2019-04-23T13:04:23","date_gmt":"2019-04-23T11:04:23","guid":{"rendered":"https:\/\/voice.global\/?page_id=6043"},"modified":"2020-10-22T08:56:42","modified_gmt":"2020-10-22T06:56:42","slug":"voice-ou-voix-de-changement","status":"publish","type":"page","link":"https:\/\/voice.global\/fr\/voice-ou-voix-de-changement\/","title":{"rendered":"Voix de Changement"},"content":{"rendered":"\n<p>Les Voix de Changement est une s\u00e9rie pour amplifier les voix et les histoires des partenaires qui font un changement! Un changement dans la vie des gens, dans les organisations qu&rsquo;ils servent, ou dans la communaut\u00e9 plus large dans les trois themes d&rsquo;impact de Voice. Les voix vont des r\u00e9flexions personnelles, des observations, des interviews, et\/ou des interactions avec ou par des autres. Ils sont pr\u00e9sent\u00e9s de diverses fa\u00e7ons, comme des histoires \u00e9crites, des entrevues, des publications, des po\u00e8mes, des vid\u00e9os et, plus r\u00e9cemment, des Podcasts. <\/p>\n\n\n\n<p>Si vous souhaitez en partager un, s&rsquo;il vous pla\u00eet contactez-nous via: hello@voice.global.  <\/p>\n","protected":false},"excerpt":{"rendered":"<p>Les Voix de Changement est une s\u00e9rie pour amplifier les voix et les histoires des partenaires qui font un changement! Un changement dans la vie des gens, dans les organisations qu&rsquo;ils servent, ou dans la communaut\u00e9 plus large dans les trois themes d&rsquo;impact de Voice. Les voix vont des r\u00e9flexions personnelles, des observations, des interviews, [&hellip;]<\/p>\n","protected":false},"author":5,"featured_media":0,"parent":0,"menu_order":41,"comment_status":"closed","ping_status":"closed","template":"","meta":{"footnotes":""},"class_list":["post-6043","page","type-page","status-publish","hentry"],"yoast_head":"<!-- This site is optimized with the Yoast SEO plugin v27.4 - https:\/\/yoast.com\/product\/yoast-seo-wordpress\/ -->\n<title>Voix de Changement - Voice.Global<\/title>\n<meta name=\"robots\" content=\"index, follow, max-snippet:-1, max-image-preview:large, max-video-preview:-1\" \/>\n<link rel=\"canonical\" href=\"https:\/\/voice.global\/fr\/voice-ou-voix-de-changement\/\" \/>\n<meta property=\"og:locale\" content=\"fr_FR\" \/>\n<meta property=\"og:type\" content=\"article\" \/>\n<meta property=\"og:title\" content=\"Voix de Changement - Voice.Global\" \/>\n<meta property=\"og:description\" content=\"Les Voix de Changement est une s\u00e9rie pour amplifier les voix et les histoires des partenaires qui font un changement! Un changement dans la vie des gens, dans les organisations qu&rsquo;ils servent, ou dans la communaut\u00e9 plus large dans les trois themes d&rsquo;impact de Voice. Les voix vont des r\u00e9flexions personnelles, des observations, des interviews, [&hellip;]\" \/>\n<meta property=\"og:url\" content=\"https:\/\/voice.global\/fr\/voice-ou-voix-de-changement\/\" \/>\n<meta property=\"og:site_name\" content=\"Voice.Global\" \/>\n<meta property=\"article:modified_time\" content=\"2020-10-22T06:56:42+00:00\" \/>\n<meta name=\"twitter:card\" content=\"summary_large_image\" \/>\n<meta name=\"twitter:label1\" content=\"Dur\u00e9e de lecture estim\u00e9e\" \/>\n\t<meta name=\"twitter:data1\" content=\"1 minute\" \/>\n<script type=\"application\/ld+json\" class=\"yoast-schema-graph\">{\"@context\":\"https:\\\/\\\/schema.org\",\"@graph\":[{\"@type\":\"WebPage\",\"@id\":\"https:\\\/\\\/voice.global\\\/fr\\\/voice-ou-voix-de-changement\\\/\",\"url\":\"https:\\\/\\\/voice.global\\\/fr\\\/voice-ou-voix-de-changement\\\/\",\"name\":\"Voix de Changement - Voice.Global\",\"isPartOf\":{\"@id\":\"https:\\\/\\\/voice.global\\\/fr\\\/#website\"},\"datePublished\":\"2019-04-23T11:04:23+00:00\",\"dateModified\":\"2020-10-22T06:56:42+00:00\",\"breadcrumb\":{\"@id\":\"https:\\\/\\\/voice.global\\\/fr\\\/voice-ou-voix-de-changement\\\/#breadcrumb\"},\"inLanguage\":\"fr-FR\",\"potentialAction\":[{\"@type\":\"ReadAction\",\"target\":[\"https:\\\/\\\/voice.global\\\/fr\\\/voice-ou-voix-de-changement\\\/\"]}]},{\"@type\":\"BreadcrumbList\",\"@id\":\"https:\\\/\\\/voice.global\\\/fr\\\/voice-ou-voix-de-changement\\\/#breadcrumb\",\"itemListElement\":[{\"@type\":\"ListItem\",\"position\":1,\"name\":\"Home\",\"item\":\"https:\\\/\\\/voice.global\\\/fr\\\/\"},{\"@type\":\"ListItem\",\"position\":2,\"name\":\"Voix de Changement\"}]},{\"@type\":\"WebSite\",\"@id\":\"https:\\\/\\\/voice.global\\\/fr\\\/#website\",\"url\":\"https:\\\/\\\/voice.global\\\/fr\\\/\",\"name\":\"Voice.Global\",\"description\":\"Include - Innovate - Influence\",\"potentialAction\":[{\"@type\":\"SearchAction\",\"target\":{\"@type\":\"EntryPoint\",\"urlTemplate\":\"https:\\\/\\\/voice.global\\\/fr\\\/?s={search_term_string}\"},\"query-input\":{\"@type\":\"PropertyValueSpecification\",\"valueRequired\":true,\"valueName\":\"search_term_string\"}}],\"inLanguage\":\"fr-FR\"}]}<\/script>\n<!-- \/ Yoast SEO plugin. -->","yoast_head_json":{"title":"Voix de Changement - Voice.Global","robots":{"index":"index","follow":"follow","max-snippet":"max-snippet:-1","max-image-preview":"max-image-preview:large","max-video-preview":"max-video-preview:-1"},"canonical":"https:\/\/voice.global\/fr\/voice-ou-voix-de-changement\/","og_locale":"fr_FR","og_type":"article","og_title":"Voix de Changement - Voice.Global","og_description":"Les Voix de Changement est une s\u00e9rie pour amplifier les voix et les histoires des partenaires qui font un changement! Un changement dans la vie des gens, dans les organisations qu&rsquo;ils servent, ou dans la communaut\u00e9 plus large dans les trois themes d&rsquo;impact de Voice. Les voix vont des r\u00e9flexions personnelles, des observations, des interviews, [&hellip;]","og_url":"https:\/\/voice.global\/fr\/voice-ou-voix-de-changement\/","og_site_name":"Voice.Global","article_modified_time":"2020-10-22T06:56:42+00:00","twitter_card":"summary_large_image","twitter_misc":{"Dur\u00e9e de lecture estim\u00e9e":"1 minute"},"schema":{"@context":"https:\/\/schema.org","@graph":[{"@type":"WebPage","@id":"https:\/\/voice.global\/fr\/voice-ou-voix-de-changement\/","url":"https:\/\/voice.global\/fr\/voice-ou-voix-de-changement\/","name":"Voix de Changement - Voice.Global","isPartOf":{"@id":"https:\/\/voice.global\/fr\/#website"},"datePublished":"2019-04-23T11:04:23+00:00","dateModified":"2020-10-22T06:56:42+00:00","breadcrumb":{"@id":"https:\/\/voice.global\/fr\/voice-ou-voix-de-changement\/#breadcrumb"},"inLanguage":"fr-FR","potentialAction":[{"@type":"ReadAction","target":["https:\/\/voice.global\/fr\/voice-ou-voix-de-changement\/"]}]},{"@type":"BreadcrumbList","@id":"https:\/\/voice.global\/fr\/voice-ou-voix-de-changement\/#breadcrumb","itemListElement":[{"@type":"ListItem","position":1,"name":"Home","item":"https:\/\/voice.global\/fr\/"},{"@type":"ListItem","position":2,"name":"Voix de Changement"}]},{"@type":"WebSite","@id":"https:\/\/voice.global\/fr\/#website","url":"https:\/\/voice.global\/fr\/","name":"Voice.Global","description":"Include - Innovate - Influence","potentialAction":[{"@type":"SearchAction","target":{"@type":"EntryPoint","urlTemplate":"https:\/\/voice.global\/fr\/?s={search_term_string}"},"query-input":{"@type":"PropertyValueSpecification","valueRequired":true,"valueName":"search_term_string"}}],"inLanguage":"fr-FR"}]}},"_links":{"self":[{"href":"https:\/\/voice.global\/fr\/wp-json\/wp\/v2\/pages\/6043","targetHints":{"allow":["GET"]}}],"collection":[{"href":"https:\/\/voice.global\/fr\/wp-json\/wp\/v2\/pages"}],"about":[{"href":"https:\/\/voice.global\/fr\/wp-json\/wp\/v2\/types\/page"}],"author":[{"embeddable":true,"href":"https:\/\/voice.global\/fr\/wp-json\/wp\/v2\/users\/5"}],"replies":[{"embeddable":true,"href":"https:\/\/voice.global\/fr\/wp-json\/wp\/v2\/comments?post=6043"}],"version-history":[{"count":5,"href":"https:\/\/voice.global\/fr\/wp-json\/wp\/v2\/pages\/6043\/revisions"}],"predecessor-version":[{"id":11559,"href":"https:\/\/voice.global\/fr\/wp-json\/wp\/v2\/pages\/6043\/revisions\/11559"}],"wp:attachment":[{"href":"https:\/\/voice.global\/fr\/wp-json\/wp\/v2\/media?parent=6043"}],"curies":[{"name":"wp","href":"https:\/\/api.w.org\/{rel}","templated":true}]}}