{"id":3420,"date":"2018-07-31T12:12:09","date_gmt":"2018-07-31T10:12:09","guid":{"rendered":"https:\/\/www.voice.global\/?page_id=3420"},"modified":"2020-02-04T12:04:47","modified_gmt":"2020-02-04T11:04:47","slug":"publications","status":"publish","type":"page","link":"https:\/\/voice.global\/fr\/publications\/","title":{"rendered":"Publications"},"content":{"rendered":"<p>Cette page donne un aper\u00e7u des publications d\u00e9velopp\u00e9es dans le cadre de Voice ou auxquelles Voice a contribu\u00e9. Elle comprend quatre cat\u00e9gories : les publications des partenaires de subventions, les publications des facilitateurs nationaux de Lien et d&rsquo;Apprentissage, les publications de Voice lui-m\u00eame ou les publications externes auxquelles Voice a contribu\u00e9.<\/p>\n<p>Vous pouvez filtrer par l&rsquo;une des cat\u00e9gories ou simplement parcourir la page.<\/p>\n<p>&nbsp;<\/p>\n","protected":false},"excerpt":{"rendered":"<p>Cette page donne un aper\u00e7u des publications d\u00e9velopp\u00e9es dans le cadre de Voice ou auxquelles Voice a contribu\u00e9. Elle comprend quatre cat\u00e9gories : les publications des partenaires de subventions, les publications des facilitateurs nationaux de Lien et d&rsquo;Apprentissage, les publications de Voice lui-m\u00eame ou les publications externes auxquelles Voice a contribu\u00e9. Vous pouvez filtrer par [&hellip;]<\/p>\n","protected":false},"author":1,"featured_media":0,"parent":0,"menu_order":44,"comment_status":"closed","ping_status":"closed","template":"","meta":{"footnotes":""},"class_list":["post-3420","page","type-page","status-publish","hentry"],"yoast_head":"<!-- This site is optimized with the Yoast SEO plugin v27.2 - https:\/\/yoast.com\/product\/yoast-seo-wordpress\/ -->\n<title>Publications - Voice.Global<\/title>\n<meta name=\"robots\" content=\"index, follow, max-snippet:-1, max-image-preview:large, max-video-preview:-1\" \/>\n<link rel=\"canonical\" href=\"https:\/\/voice.global\/fr\/publications\/\" \/>\n<meta property=\"og:locale\" content=\"fr_FR\" \/>\n<meta property=\"og:type\" content=\"article\" \/>\n<meta property=\"og:title\" content=\"Publications - Voice.Global\" \/>\n<meta property=\"og:description\" content=\"Cette page donne un aper\u00e7u des publications d\u00e9velopp\u00e9es dans le cadre de Voice ou auxquelles Voice a contribu\u00e9. Elle comprend quatre cat\u00e9gories : les publications des partenaires de subventions, les publications des facilitateurs nationaux de Lien et d&rsquo;Apprentissage, les publications de Voice lui-m\u00eame ou les publications externes auxquelles Voice a contribu\u00e9. Vous pouvez filtrer par [&hellip;]\" \/>\n<meta property=\"og:url\" content=\"https:\/\/voice.global\/fr\/publications\/\" \/>\n<meta property=\"og:site_name\" content=\"Voice.Global\" \/>\n<meta property=\"article:modified_time\" content=\"2020-02-04T11:04:47+00:00\" \/>\n<meta name=\"twitter:card\" content=\"summary_large_image\" \/>\n<script type=\"application\/ld+json\" class=\"yoast-schema-graph\">{\"@context\":\"https:\/\/schema.org\",\"@graph\":[{\"@type\":\"WebPage\",\"@id\":\"https:\/\/voice.global\/fr\/publications\/\",\"url\":\"https:\/\/voice.global\/fr\/publications\/\",\"name\":\"Publications - Voice.Global\",\"isPartOf\":{\"@id\":\"https:\/\/voice.global\/#website\"},\"datePublished\":\"2018-07-31T10:12:09+00:00\",\"dateModified\":\"2020-02-04T11:04:47+00:00\",\"breadcrumb\":{\"@id\":\"https:\/\/voice.global\/fr\/publications\/#breadcrumb\"},\"inLanguage\":\"fr-FR\",\"potentialAction\":[{\"@type\":\"ReadAction\",\"target\":[\"https:\/\/voice.global\/fr\/publications\/\"]}]},{\"@type\":\"BreadcrumbList\",\"@id\":\"https:\/\/voice.global\/fr\/publications\/#breadcrumb\",\"itemListElement\":[{\"@type\":\"ListItem\",\"position\":1,\"name\":\"Home\",\"item\":\"https:\/\/voice.global\/fr\/\"},{\"@type\":\"ListItem\",\"position\":2,\"name\":\"Publications\"}]},{\"@type\":\"WebSite\",\"@id\":\"https:\/\/voice.global\/#website\",\"url\":\"https:\/\/voice.global\/\",\"name\":\"Voice.Global\",\"description\":\"Include - Innovate - Influence\",\"potentialAction\":[{\"@type\":\"SearchAction\",\"target\":{\"@type\":\"EntryPoint\",\"urlTemplate\":\"https:\/\/voice.global\/?s={search_term_string}\"},\"query-input\":{\"@type\":\"PropertyValueSpecification\",\"valueRequired\":true,\"valueName\":\"search_term_string\"}}],\"inLanguage\":\"fr-FR\"}]}<\/script>\n<!-- \/ Yoast SEO plugin. -->","yoast_head_json":{"title":"Publications - Voice.Global","robots":{"index":"index","follow":"follow","max-snippet":"max-snippet:-1","max-image-preview":"max-image-preview:large","max-video-preview":"max-video-preview:-1"},"canonical":"https:\/\/voice.global\/fr\/publications\/","og_locale":"fr_FR","og_type":"article","og_title":"Publications - Voice.Global","og_description":"Cette page donne un aper\u00e7u des publications d\u00e9velopp\u00e9es dans le cadre de Voice ou auxquelles Voice a contribu\u00e9. Elle comprend quatre cat\u00e9gories : les publications des partenaires de subventions, les publications des facilitateurs nationaux de Lien et d&rsquo;Apprentissage, les publications de Voice lui-m\u00eame ou les publications externes auxquelles Voice a contribu\u00e9. Vous pouvez filtrer par [&hellip;]","og_url":"https:\/\/voice.global\/fr\/publications\/","og_site_name":"Voice.Global","article_modified_time":"2020-02-04T11:04:47+00:00","twitter_card":"summary_large_image","schema":{"@context":"https:\/\/schema.org","@graph":[{"@type":"WebPage","@id":"https:\/\/voice.global\/fr\/publications\/","url":"https:\/\/voice.global\/fr\/publications\/","name":"Publications - Voice.Global","isPartOf":{"@id":"https:\/\/voice.global\/#website"},"datePublished":"2018-07-31T10:12:09+00:00","dateModified":"2020-02-04T11:04:47+00:00","breadcrumb":{"@id":"https:\/\/voice.global\/fr\/publications\/#breadcrumb"},"inLanguage":"fr-FR","potentialAction":[{"@type":"ReadAction","target":["https:\/\/voice.global\/fr\/publications\/"]}]},{"@type":"BreadcrumbList","@id":"https:\/\/voice.global\/fr\/publications\/#breadcrumb","itemListElement":[{"@type":"ListItem","position":1,"name":"Home","item":"https:\/\/voice.global\/fr\/"},{"@type":"ListItem","position":2,"name":"Publications"}]},{"@type":"WebSite","@id":"https:\/\/voice.global\/#website","url":"https:\/\/voice.global\/","name":"Voice.Global","description":"Include - Innovate - Influence","potentialAction":[{"@type":"SearchAction","target":{"@type":"EntryPoint","urlTemplate":"https:\/\/voice.global\/?s={search_term_string}"},"query-input":{"@type":"PropertyValueSpecification","valueRequired":true,"valueName":"search_term_string"}}],"inLanguage":"fr-FR"}]}},"_links":{"self":[{"href":"https:\/\/voice.global\/fr\/wp-json\/wp\/v2\/pages\/3420","targetHints":{"allow":["GET"]}}],"collection":[{"href":"https:\/\/voice.global\/fr\/wp-json\/wp\/v2\/pages"}],"about":[{"href":"https:\/\/voice.global\/fr\/wp-json\/wp\/v2\/types\/page"}],"author":[{"embeddable":true,"href":"https:\/\/voice.global\/fr\/wp-json\/wp\/v2\/users\/1"}],"replies":[{"embeddable":true,"href":"https:\/\/voice.global\/fr\/wp-json\/wp\/v2\/comments?post=3420"}],"version-history":[{"count":2,"href":"https:\/\/voice.global\/fr\/wp-json\/wp\/v2\/pages\/3420\/revisions"}],"predecessor-version":[{"id":8565,"href":"https:\/\/voice.global\/fr\/wp-json\/wp\/v2\/pages\/3420\/revisions\/8565"}],"wp:attachment":[{"href":"https:\/\/voice.global\/fr\/wp-json\/wp\/v2\/media?parent=3420"}],"curies":[{"name":"wp","href":"https:\/\/api.w.org\/{rel}","templated":true}]}}