{"id":2829,"date":"2018-03-02T16:27:47","date_gmt":"2018-03-02T15:27:47","guid":{"rendered":"https:\/\/www.voice.global\/newsletters\/"},"modified":"2021-06-25T11:10:30","modified_gmt":"2021-06-25T09:10:30","slug":"bulletins","status":"publish","type":"page","link":"https:\/\/voice.global\/fr\/bulletins\/","title":{"rendered":"Bo\u00eeteVoice"},"content":{"rendered":"<p>Inscrivez-vous \u00e0 Bo\u00eeteVoice, notre bulletin d&rsquo;information mensuelle (<em>en bas de cette page<\/em>) pour recevoir tous les nouveaux Appels \u00e0 Propositions, les blogs et vlogs, les \u00e9v\u00e9nements de Lien et Apprentissage et les mises \u00e0 jour g\u00e9n\u00e9rales. Vous trouverez ci-dessous tous les bulletins pour votre r\u00e9f\u00e9rence.<\/p>\n","protected":false},"excerpt":{"rendered":"<p>Inscrivez-vous \u00e0 Bo\u00eeteVoice, notre bulletin d&rsquo;information mensuelle (en bas de cette page) pour recevoir tous les nouveaux Appels \u00e0 Propositions, les blogs et vlogs, les \u00e9v\u00e9nements de Lien et Apprentissage et les mises \u00e0 jour g\u00e9n\u00e9rales. Vous trouverez ci-dessous tous les bulletins pour votre r\u00e9f\u00e9rence.<\/p>\n","protected":false},"author":1,"featured_media":0,"parent":0,"menu_order":74,"comment_status":"closed","ping_status":"closed","template":"","meta":{"footnotes":""},"class_list":["post-2829","page","type-page","status-publish","hentry"],"yoast_head":"<!-- This site is optimized with the Yoast SEO plugin v27.3 - https:\/\/yoast.com\/product\/yoast-seo-wordpress\/ -->\n<title>Bo\u00eeteVoice - Voice.Global<\/title>\n<meta name=\"robots\" content=\"index, follow, max-snippet:-1, max-image-preview:large, max-video-preview:-1\" \/>\n<link rel=\"canonical\" href=\"https:\/\/voice.global\/fr\/bulletins\/\" \/>\n<meta property=\"og:locale\" content=\"fr_FR\" \/>\n<meta property=\"og:type\" content=\"article\" \/>\n<meta property=\"og:title\" content=\"Bo\u00eeteVoice - Voice.Global\" \/>\n<meta property=\"og:description\" content=\"Inscrivez-vous \u00e0 Bo\u00eeteVoice, notre bulletin d&rsquo;information mensuelle (en bas de cette page) pour recevoir tous les nouveaux Appels \u00e0 Propositions, les blogs et vlogs, les \u00e9v\u00e9nements de Lien et Apprentissage et les mises \u00e0 jour g\u00e9n\u00e9rales. Vous trouverez ci-dessous tous les bulletins pour votre r\u00e9f\u00e9rence.\" \/>\n<meta property=\"og:url\" content=\"https:\/\/voice.global\/fr\/bulletins\/\" \/>\n<meta property=\"og:site_name\" content=\"Voice.Global\" \/>\n<meta property=\"article:modified_time\" content=\"2021-06-25T09:10:30+00:00\" \/>\n<meta name=\"twitter:card\" content=\"summary_large_image\" \/>\n<script type=\"application\/ld+json\" class=\"yoast-schema-graph\">{\"@context\":\"https:\\\/\\\/schema.org\",\"@graph\":[{\"@type\":\"WebPage\",\"@id\":\"https:\\\/\\\/voice.global\\\/fr\\\/bulletins\\\/\",\"url\":\"https:\\\/\\\/voice.global\\\/fr\\\/bulletins\\\/\",\"name\":\"Bo\u00eeteVoice - Voice.Global\",\"isPartOf\":{\"@id\":\"https:\\\/\\\/voice.global\\\/#website\"},\"datePublished\":\"2018-03-02T15:27:47+00:00\",\"dateModified\":\"2021-06-25T09:10:30+00:00\",\"breadcrumb\":{\"@id\":\"https:\\\/\\\/voice.global\\\/fr\\\/bulletins\\\/#breadcrumb\"},\"inLanguage\":\"fr-FR\",\"potentialAction\":[{\"@type\":\"ReadAction\",\"target\":[\"https:\\\/\\\/voice.global\\\/fr\\\/bulletins\\\/\"]}]},{\"@type\":\"BreadcrumbList\",\"@id\":\"https:\\\/\\\/voice.global\\\/fr\\\/bulletins\\\/#breadcrumb\",\"itemListElement\":[{\"@type\":\"ListItem\",\"position\":1,\"name\":\"Home\",\"item\":\"https:\\\/\\\/voice.global\\\/fr\\\/\"},{\"@type\":\"ListItem\",\"position\":2,\"name\":\"Bo\u00eeteVoice\"}]},{\"@type\":\"WebSite\",\"@id\":\"https:\\\/\\\/voice.global\\\/#website\",\"url\":\"https:\\\/\\\/voice.global\\\/\",\"name\":\"Voice.Global\",\"description\":\"Include - Innovate - Influence\",\"potentialAction\":[{\"@type\":\"SearchAction\",\"target\":{\"@type\":\"EntryPoint\",\"urlTemplate\":\"https:\\\/\\\/voice.global\\\/?s={search_term_string}\"},\"query-input\":{\"@type\":\"PropertyValueSpecification\",\"valueRequired\":true,\"valueName\":\"search_term_string\"}}],\"inLanguage\":\"fr-FR\"}]}<\/script>\n<!-- \/ Yoast SEO plugin. -->","yoast_head_json":{"title":"Bo\u00eeteVoice - Voice.Global","robots":{"index":"index","follow":"follow","max-snippet":"max-snippet:-1","max-image-preview":"max-image-preview:large","max-video-preview":"max-video-preview:-1"},"canonical":"https:\/\/voice.global\/fr\/bulletins\/","og_locale":"fr_FR","og_type":"article","og_title":"Bo\u00eeteVoice - Voice.Global","og_description":"Inscrivez-vous \u00e0 Bo\u00eeteVoice, notre bulletin d&rsquo;information mensuelle (en bas de cette page) pour recevoir tous les nouveaux Appels \u00e0 Propositions, les blogs et vlogs, les \u00e9v\u00e9nements de Lien et Apprentissage et les mises \u00e0 jour g\u00e9n\u00e9rales. Vous trouverez ci-dessous tous les bulletins pour votre r\u00e9f\u00e9rence.","og_url":"https:\/\/voice.global\/fr\/bulletins\/","og_site_name":"Voice.Global","article_modified_time":"2021-06-25T09:10:30+00:00","twitter_card":"summary_large_image","schema":{"@context":"https:\/\/schema.org","@graph":[{"@type":"WebPage","@id":"https:\/\/voice.global\/fr\/bulletins\/","url":"https:\/\/voice.global\/fr\/bulletins\/","name":"Bo\u00eeteVoice - Voice.Global","isPartOf":{"@id":"https:\/\/voice.global\/#website"},"datePublished":"2018-03-02T15:27:47+00:00","dateModified":"2021-06-25T09:10:30+00:00","breadcrumb":{"@id":"https:\/\/voice.global\/fr\/bulletins\/#breadcrumb"},"inLanguage":"fr-FR","potentialAction":[{"@type":"ReadAction","target":["https:\/\/voice.global\/fr\/bulletins\/"]}]},{"@type":"BreadcrumbList","@id":"https:\/\/voice.global\/fr\/bulletins\/#breadcrumb","itemListElement":[{"@type":"ListItem","position":1,"name":"Home","item":"https:\/\/voice.global\/fr\/"},{"@type":"ListItem","position":2,"name":"Bo\u00eeteVoice"}]},{"@type":"WebSite","@id":"https:\/\/voice.global\/#website","url":"https:\/\/voice.global\/","name":"Voice.Global","description":"Include - Innovate - Influence","potentialAction":[{"@type":"SearchAction","target":{"@type":"EntryPoint","urlTemplate":"https:\/\/voice.global\/?s={search_term_string}"},"query-input":{"@type":"PropertyValueSpecification","valueRequired":true,"valueName":"search_term_string"}}],"inLanguage":"fr-FR"}]}},"_links":{"self":[{"href":"https:\/\/voice.global\/fr\/wp-json\/wp\/v2\/pages\/2829","targetHints":{"allow":["GET"]}}],"collection":[{"href":"https:\/\/voice.global\/fr\/wp-json\/wp\/v2\/pages"}],"about":[{"href":"https:\/\/voice.global\/fr\/wp-json\/wp\/v2\/types\/page"}],"author":[{"embeddable":true,"href":"https:\/\/voice.global\/fr\/wp-json\/wp\/v2\/users\/1"}],"replies":[{"embeddable":true,"href":"https:\/\/voice.global\/fr\/wp-json\/wp\/v2\/comments?post=2829"}],"version-history":[{"count":5,"href":"https:\/\/voice.global\/fr\/wp-json\/wp\/v2\/pages\/2829\/revisions"}],"predecessor-version":[{"id":14866,"href":"https:\/\/voice.global\/fr\/wp-json\/wp\/v2\/pages\/2829\/revisions\/14866"}],"wp:attachment":[{"href":"https:\/\/voice.global\/fr\/wp-json\/wp\/v2\/media?parent=2829"}],"curies":[{"name":"wp","href":"https:\/\/api.w.org\/{rel}","templated":true}]}}