{"id":25005,"date":"2024-12-11T08:44:33","date_gmt":"2024-12-11T07:44:33","guid":{"rendered":"https:\/\/voice.global\/?page_id=25005"},"modified":"2025-03-10T15:46:02","modified_gmt":"2025-03-10T14:46:02","slug":"voice-final-fr","status":"publish","type":"page","link":"https:\/\/voice.global\/fr\/","title":{"rendered":"L&rsquo;impact de\u00a0Voice"},"content":{"rendered":"\n<p>Lanc\u00e9 en 2016, le programme Voice visait \u00e0 lutter contre les in\u00e9galit\u00e9s syst\u00e9miques et \u00e0 s&rsquo;assurer que les communaut\u00e9s marginalis\u00e9es ne soient pas laiss\u00e9es pour compte. Financ\u00e9 par le minist\u00e8re n\u00e9erlandais des Affaires \u00e9trang\u00e8res et mis en \u0153uvre par Oxfam Novib et Hivos, Voice a op\u00e9r\u00e9 dans dix pays d&rsquo;Afrique et d&rsquo;Asie, soutenant les organisations de la soci\u00e9t\u00e9 civile et les d\u00e9tenteurs de droits dans leur qu\u00eate d&rsquo;\u00e9galit\u00e9, de dignit\u00e9 et d&rsquo;inclusion. En huit ans, Voice a octroy\u00e9 plus de 60 millions d&rsquo;euros de subventions, finan\u00e7ant 745 projets qui ont permis aux d\u00e9tenteurs de droits de s&rsquo;\u00e9manciper et qui ont favoris\u00e9 un changement inclusif.<em>\u202f<\/em>&nbsp;<\/p>\n\n\n\n<p>L&rsquo;approche de Voice est all\u00e9e au-del\u00e0 de l&rsquo;octroi traditionnel de subventions en adoptant pleinement l&rsquo;esprit de co-cr\u00e9ation. Les d\u00e9tenteurs de droits ont \u00e9t\u00e9 profond\u00e9ment impliqu\u00e9s dans la conception et la mise en \u0153uvre des projets financ\u00e9s par Voice, garantissant que chaque intervention soit pertinente et r\u00e9ponde \u00e0 leurs exp\u00e9riences v\u00e9cues.<\/p>\n\n\n\n<p>Au c\u0153ur de la mission de Voice se trouve son engagement in\u00e9branlable en faveur de l&rsquo;inclusion et de la participation, refl\u00e9t\u00e9 dans le principe directeur \u00ab Rien sur nous sans nous \u00bb, commun\u00e9ment appel\u00e9 \u00ab NOW-Us ! \u00bb Ce principe souligne \u00e0 la fois l&rsquo;urgence d&rsquo;agir et la n\u00e9cessit\u00e9 de se concentrer sur ceux qui risquent d&rsquo;\u00eatre laiss\u00e9s pour compte. Cette valeur a \u00e9t\u00e9 fondamentale pour la conception et la mise en \u0153uvre de Voice, en veillant \u00e0 ce que les d\u00e9tenteurs de droits ne soient pas simplement des b\u00e9n\u00e9ficiaires passifs, mais des participants actifs aux processus de prise de d\u00e9cision qui fa\u00e7onnent leur vie.<em>\u202f<\/em>&nbsp;<\/p>\n\n\n\n<p>Cette approche participative a permis de responsabiliser les groupes marginalis\u00e9s et de garantir que les solutions d\u00e9velopp\u00e9es par Voice soient ancr\u00e9es dans les contextes locaux, en s&rsquo;attaquant aux obstacles sp\u00e9cifiques rencontr\u00e9s par les d\u00e9tenteurs de droits. &nbsp;<\/p>\n","protected":false},"excerpt":{"rendered":"<p>Lanc\u00e9 en 2016, le programme Voice visait \u00e0 lutter contre les in\u00e9galit\u00e9s syst\u00e9miques et \u00e0 s&rsquo;assurer que les communaut\u00e9s marginalis\u00e9es ne soient pas laiss\u00e9es pour compte. Financ\u00e9 par le minist\u00e8re n\u00e9erlandais des Affaires \u00e9trang\u00e8res et mis en \u0153uvre par Oxfam Novib et Hivos, Voice a op\u00e9r\u00e9 dans dix pays d&rsquo;Afrique et d&rsquo;Asie, soutenant les organisations [&hellip;]<\/p>\n","protected":false},"author":1,"featured_media":0,"parent":0,"menu_order":4,"comment_status":"closed","ping_status":"closed","template":"templates\/page-homepage-final.php","meta":{"footnotes":""},"class_list":["post-25005","page","type-page","status-publish","hentry"],"yoast_head":"<!-- This site is optimized with the Yoast SEO plugin v27.4 - https:\/\/yoast.com\/product\/yoast-seo-wordpress\/ -->\n<title>L&#039;impact de\u00a0Voice - Voice.Global<\/title>\n<meta name=\"robots\" content=\"index, follow, max-snippet:-1, max-image-preview:large, max-video-preview:-1\" \/>\n<link rel=\"canonical\" href=\"https:\/\/voice.global\/fr\/\" \/>\n<meta property=\"og:locale\" content=\"fr_FR\" \/>\n<meta property=\"og:type\" content=\"article\" \/>\n<meta property=\"og:title\" content=\"L&#039;impact de\u00a0Voice - Voice.Global\" \/>\n<meta property=\"og:description\" content=\"Lanc\u00e9 en 2016, le programme Voice visait \u00e0 lutter contre les in\u00e9galit\u00e9s syst\u00e9miques et \u00e0 s&rsquo;assurer que les communaut\u00e9s marginalis\u00e9es ne soient pas laiss\u00e9es pour compte. Financ\u00e9 par le minist\u00e8re n\u00e9erlandais des Affaires \u00e9trang\u00e8res et mis en \u0153uvre par Oxfam Novib et Hivos, Voice a op\u00e9r\u00e9 dans dix pays d&rsquo;Afrique et d&rsquo;Asie, soutenant les organisations [&hellip;]\" \/>\n<meta property=\"og:url\" content=\"https:\/\/voice.global\/fr\/\" \/>\n<meta property=\"og:site_name\" content=\"Voice.Global\" \/>\n<meta property=\"article:modified_time\" content=\"2025-03-10T14:46:02+00:00\" \/>\n<meta name=\"twitter:card\" content=\"summary_large_image\" \/>\n<meta name=\"twitter:label1\" content=\"Dur\u00e9e de lecture estim\u00e9e\" \/>\n\t<meta name=\"twitter:data1\" content=\"3 minutes\" \/>\n<script type=\"application\/ld+json\" class=\"yoast-schema-graph\">{\"@context\":\"https:\\\/\\\/schema.org\",\"@graph\":[{\"@type\":\"WebPage\",\"@id\":\"https:\\\/\\\/voice.global\\\/fr\\\/\",\"url\":\"https:\\\/\\\/voice.global\\\/fr\\\/\",\"name\":\"L'impact de\u00a0Voice - Voice.Global\",\"isPartOf\":{\"@id\":\"https:\\\/\\\/voice.global\\\/fr\\\/#website\"},\"datePublished\":\"2024-12-11T07:44:33+00:00\",\"dateModified\":\"2025-03-10T14:46:02+00:00\",\"breadcrumb\":{\"@id\":\"https:\\\/\\\/voice.global\\\/fr\\\/#breadcrumb\"},\"inLanguage\":\"fr-FR\",\"potentialAction\":[{\"@type\":\"ReadAction\",\"target\":[\"https:\\\/\\\/voice.global\\\/fr\\\/\"]}]},{\"@type\":\"BreadcrumbList\",\"@id\":\"https:\\\/\\\/voice.global\\\/fr\\\/#breadcrumb\",\"itemListElement\":[{\"@type\":\"ListItem\",\"position\":1,\"name\":\"Home\",\"item\":\"https:\\\/\\\/voice.global\\\/fr\\\/\"},{\"@type\":\"ListItem\",\"position\":2,\"name\":\"L&rsquo;impact de\u00a0Voice\"}]},{\"@type\":\"WebSite\",\"@id\":\"https:\\\/\\\/voice.global\\\/fr\\\/#website\",\"url\":\"https:\\\/\\\/voice.global\\\/fr\\\/\",\"name\":\"Voice.Global\",\"description\":\"Include - Innovate - Influence\",\"potentialAction\":[{\"@type\":\"SearchAction\",\"target\":{\"@type\":\"EntryPoint\",\"urlTemplate\":\"https:\\\/\\\/voice.global\\\/fr\\\/?s={search_term_string}\"},\"query-input\":{\"@type\":\"PropertyValueSpecification\",\"valueRequired\":true,\"valueName\":\"search_term_string\"}}],\"inLanguage\":\"fr-FR\"}]}<\/script>\n<!-- \/ Yoast SEO plugin. -->","yoast_head_json":{"title":"L'impact de\u00a0Voice - Voice.Global","robots":{"index":"index","follow":"follow","max-snippet":"max-snippet:-1","max-image-preview":"max-image-preview:large","max-video-preview":"max-video-preview:-1"},"canonical":"https:\/\/voice.global\/fr\/","og_locale":"fr_FR","og_type":"article","og_title":"L'impact de\u00a0Voice - Voice.Global","og_description":"Lanc\u00e9 en 2016, le programme Voice visait \u00e0 lutter contre les in\u00e9galit\u00e9s syst\u00e9miques et \u00e0 s&rsquo;assurer que les communaut\u00e9s marginalis\u00e9es ne soient pas laiss\u00e9es pour compte. Financ\u00e9 par le minist\u00e8re n\u00e9erlandais des Affaires \u00e9trang\u00e8res et mis en \u0153uvre par Oxfam Novib et Hivos, Voice a op\u00e9r\u00e9 dans dix pays d&rsquo;Afrique et d&rsquo;Asie, soutenant les organisations [&hellip;]","og_url":"https:\/\/voice.global\/fr\/","og_site_name":"Voice.Global","article_modified_time":"2025-03-10T14:46:02+00:00","twitter_card":"summary_large_image","twitter_misc":{"Dur\u00e9e de lecture estim\u00e9e":"3 minutes"},"schema":{"@context":"https:\/\/schema.org","@graph":[{"@type":"WebPage","@id":"https:\/\/voice.global\/fr\/","url":"https:\/\/voice.global\/fr\/","name":"L'impact de\u00a0Voice - Voice.Global","isPartOf":{"@id":"https:\/\/voice.global\/fr\/#website"},"datePublished":"2024-12-11T07:44:33+00:00","dateModified":"2025-03-10T14:46:02+00:00","breadcrumb":{"@id":"https:\/\/voice.global\/fr\/#breadcrumb"},"inLanguage":"fr-FR","potentialAction":[{"@type":"ReadAction","target":["https:\/\/voice.global\/fr\/"]}]},{"@type":"BreadcrumbList","@id":"https:\/\/voice.global\/fr\/#breadcrumb","itemListElement":[{"@type":"ListItem","position":1,"name":"Home","item":"https:\/\/voice.global\/fr\/"},{"@type":"ListItem","position":2,"name":"L&rsquo;impact de\u00a0Voice"}]},{"@type":"WebSite","@id":"https:\/\/voice.global\/fr\/#website","url":"https:\/\/voice.global\/fr\/","name":"Voice.Global","description":"Include - Innovate - Influence","potentialAction":[{"@type":"SearchAction","target":{"@type":"EntryPoint","urlTemplate":"https:\/\/voice.global\/fr\/?s={search_term_string}"},"query-input":{"@type":"PropertyValueSpecification","valueRequired":true,"valueName":"search_term_string"}}],"inLanguage":"fr-FR"}]}},"_links":{"self":[{"href":"https:\/\/voice.global\/fr\/wp-json\/wp\/v2\/pages\/25005","targetHints":{"allow":["GET"]}}],"collection":[{"href":"https:\/\/voice.global\/fr\/wp-json\/wp\/v2\/pages"}],"about":[{"href":"https:\/\/voice.global\/fr\/wp-json\/wp\/v2\/types\/page"}],"author":[{"embeddable":true,"href":"https:\/\/voice.global\/fr\/wp-json\/wp\/v2\/users\/1"}],"replies":[{"embeddable":true,"href":"https:\/\/voice.global\/fr\/wp-json\/wp\/v2\/comments?post=25005"}],"version-history":[{"count":4,"href":"https:\/\/voice.global\/fr\/wp-json\/wp\/v2\/pages\/25005\/revisions"}],"predecessor-version":[{"id":25862,"href":"https:\/\/voice.global\/fr\/wp-json\/wp\/v2\/pages\/25005\/revisions\/25862"}],"wp:attachment":[{"href":"https:\/\/voice.global\/fr\/wp-json\/wp\/v2\/media?parent=25005"}],"curies":[{"name":"wp","href":"https:\/\/api.w.org\/{rel}","templated":true}]}}