{"id":1524,"date":"2017-03-23T08:42:19","date_gmt":"2017-03-23T08:42:19","guid":{"rendered":"https:\/\/www.voice.global\/grantees-overview\/"},"modified":"2020-10-11T15:28:08","modified_gmt":"2020-10-11T13:28:08","slug":"liste-de-partenaires","status":"publish","type":"page","link":"https:\/\/voice.global\/fr\/liste-de-partenaires\/","title":{"rendered":"Partenaires"},"content":{"rendered":"<p>Sur cette page, tous les projets financ\u00e9s par Voice sont pr\u00e9sent\u00e9s. Vous pouvez simplement faire d\u00e9filer vers le bas et profiter de l&rsquo;inspiration ou vous pouvez filtrer par pays, type de subvention, groupe de d\u00e9tenteurs de droits, th\u00e8me d&rsquo;impact ou ann\u00e9e.<\/p>\n<p>Les demandeurs de subvention sont encourag\u00e9s \u00e0 utiliser cette page comme source d&rsquo;inspiration sur le type de projets que Voice aime soutenir.<\/p>\n<p>Veuillez noter que les projets multi-pays apparaissent \u00e9galement dans l&rsquo;aper\u00e7u des pays o\u00f9 ils sont mis en \u0153uvre.<\/p>\n<p>Dans notre engagement \u00e0 la transparence, nous publions toutes les informations essentielles, sauf si le partenaire a demand\u00e9 la confidentialit\u00e9 pour des raisons de s\u00e9curit\u00e9.<\/p>\n","protected":false},"excerpt":{"rendered":"<p>Sur cette page, tous les projets financ\u00e9s par Voice sont pr\u00e9sent\u00e9s. Vous pouvez simplement faire d\u00e9filer vers le bas et profiter de l&rsquo;inspiration ou vous pouvez filtrer par pays, type de subvention, groupe de d\u00e9tenteurs de droits, th\u00e8me d&rsquo;impact ou ann\u00e9e. Les demandeurs de subvention sont encourag\u00e9s \u00e0 utiliser cette page comme source d&rsquo;inspiration sur [&hellip;]<\/p>\n","protected":false},"author":1,"featured_media":0,"parent":0,"menu_order":88,"comment_status":"closed","ping_status":"closed","template":"","meta":{"footnotes":""},"class_list":["post-1524","page","type-page","status-publish","hentry"],"yoast_head":"<!-- This site is optimized with the Yoast SEO plugin v27.4 - https:\/\/yoast.com\/product\/yoast-seo-wordpress\/ -->\n<title>Partenaires - Voice.Global<\/title>\n<meta name=\"robots\" content=\"index, follow, max-snippet:-1, max-image-preview:large, max-video-preview:-1\" \/>\n<link rel=\"canonical\" href=\"https:\/\/voice.global\/fr\/liste-de-partenaires\/\" \/>\n<meta property=\"og:locale\" content=\"fr_FR\" \/>\n<meta property=\"og:type\" content=\"article\" \/>\n<meta property=\"og:title\" content=\"Partenaires - Voice.Global\" \/>\n<meta property=\"og:description\" content=\"Sur cette page, tous les projets financ\u00e9s par Voice sont pr\u00e9sent\u00e9s. Vous pouvez simplement faire d\u00e9filer vers le bas et profiter de l&rsquo;inspiration ou vous pouvez filtrer par pays, type de subvention, groupe de d\u00e9tenteurs de droits, th\u00e8me d&rsquo;impact ou ann\u00e9e. Les demandeurs de subvention sont encourag\u00e9s \u00e0 utiliser cette page comme source d&rsquo;inspiration sur [&hellip;]\" \/>\n<meta property=\"og:url\" content=\"https:\/\/voice.global\/fr\/liste-de-partenaires\/\" \/>\n<meta property=\"og:site_name\" content=\"Voice.Global\" \/>\n<meta property=\"article:modified_time\" content=\"2020-10-11T13:28:08+00:00\" \/>\n<meta name=\"twitter:card\" content=\"summary_large_image\" \/>\n<meta name=\"twitter:label1\" content=\"Dur\u00e9e de lecture estim\u00e9e\" \/>\n\t<meta name=\"twitter:data1\" content=\"1 minute\" \/>\n<script type=\"application\/ld+json\" class=\"yoast-schema-graph\">{\"@context\":\"https:\\\/\\\/schema.org\",\"@graph\":[{\"@type\":\"WebPage\",\"@id\":\"https:\\\/\\\/voice.global\\\/fr\\\/liste-de-partenaires\\\/\",\"url\":\"https:\\\/\\\/voice.global\\\/fr\\\/liste-de-partenaires\\\/\",\"name\":\"Partenaires - Voice.Global\",\"isPartOf\":{\"@id\":\"https:\\\/\\\/voice.global\\\/fr\\\/#website\"},\"datePublished\":\"2017-03-23T08:42:19+00:00\",\"dateModified\":\"2020-10-11T13:28:08+00:00\",\"breadcrumb\":{\"@id\":\"https:\\\/\\\/voice.global\\\/fr\\\/liste-de-partenaires\\\/#breadcrumb\"},\"inLanguage\":\"fr-FR\",\"potentialAction\":[{\"@type\":\"ReadAction\",\"target\":[\"https:\\\/\\\/voice.global\\\/fr\\\/liste-de-partenaires\\\/\"]}]},{\"@type\":\"BreadcrumbList\",\"@id\":\"https:\\\/\\\/voice.global\\\/fr\\\/liste-de-partenaires\\\/#breadcrumb\",\"itemListElement\":[{\"@type\":\"ListItem\",\"position\":1,\"name\":\"Home\",\"item\":\"https:\\\/\\\/voice.global\\\/fr\\\/\"},{\"@type\":\"ListItem\",\"position\":2,\"name\":\"Partenaires\"}]},{\"@type\":\"WebSite\",\"@id\":\"https:\\\/\\\/voice.global\\\/fr\\\/#website\",\"url\":\"https:\\\/\\\/voice.global\\\/fr\\\/\",\"name\":\"Voice.Global\",\"description\":\"Include - Innovate - Influence\",\"potentialAction\":[{\"@type\":\"SearchAction\",\"target\":{\"@type\":\"EntryPoint\",\"urlTemplate\":\"https:\\\/\\\/voice.global\\\/fr\\\/?s={search_term_string}\"},\"query-input\":{\"@type\":\"PropertyValueSpecification\",\"valueRequired\":true,\"valueName\":\"search_term_string\"}}],\"inLanguage\":\"fr-FR\"}]}<\/script>\n<!-- \/ Yoast SEO plugin. -->","yoast_head_json":{"title":"Partenaires - Voice.Global","robots":{"index":"index","follow":"follow","max-snippet":"max-snippet:-1","max-image-preview":"max-image-preview:large","max-video-preview":"max-video-preview:-1"},"canonical":"https:\/\/voice.global\/fr\/liste-de-partenaires\/","og_locale":"fr_FR","og_type":"article","og_title":"Partenaires - Voice.Global","og_description":"Sur cette page, tous les projets financ\u00e9s par Voice sont pr\u00e9sent\u00e9s. Vous pouvez simplement faire d\u00e9filer vers le bas et profiter de l&rsquo;inspiration ou vous pouvez filtrer par pays, type de subvention, groupe de d\u00e9tenteurs de droits, th\u00e8me d&rsquo;impact ou ann\u00e9e. Les demandeurs de subvention sont encourag\u00e9s \u00e0 utiliser cette page comme source d&rsquo;inspiration sur [&hellip;]","og_url":"https:\/\/voice.global\/fr\/liste-de-partenaires\/","og_site_name":"Voice.Global","article_modified_time":"2020-10-11T13:28:08+00:00","twitter_card":"summary_large_image","twitter_misc":{"Dur\u00e9e de lecture estim\u00e9e":"1 minute"},"schema":{"@context":"https:\/\/schema.org","@graph":[{"@type":"WebPage","@id":"https:\/\/voice.global\/fr\/liste-de-partenaires\/","url":"https:\/\/voice.global\/fr\/liste-de-partenaires\/","name":"Partenaires - Voice.Global","isPartOf":{"@id":"https:\/\/voice.global\/fr\/#website"},"datePublished":"2017-03-23T08:42:19+00:00","dateModified":"2020-10-11T13:28:08+00:00","breadcrumb":{"@id":"https:\/\/voice.global\/fr\/liste-de-partenaires\/#breadcrumb"},"inLanguage":"fr-FR","potentialAction":[{"@type":"ReadAction","target":["https:\/\/voice.global\/fr\/liste-de-partenaires\/"]}]},{"@type":"BreadcrumbList","@id":"https:\/\/voice.global\/fr\/liste-de-partenaires\/#breadcrumb","itemListElement":[{"@type":"ListItem","position":1,"name":"Home","item":"https:\/\/voice.global\/fr\/"},{"@type":"ListItem","position":2,"name":"Partenaires"}]},{"@type":"WebSite","@id":"https:\/\/voice.global\/fr\/#website","url":"https:\/\/voice.global\/fr\/","name":"Voice.Global","description":"Include - Innovate - Influence","potentialAction":[{"@type":"SearchAction","target":{"@type":"EntryPoint","urlTemplate":"https:\/\/voice.global\/fr\/?s={search_term_string}"},"query-input":{"@type":"PropertyValueSpecification","valueRequired":true,"valueName":"search_term_string"}}],"inLanguage":"fr-FR"}]}},"_links":{"self":[{"href":"https:\/\/voice.global\/fr\/wp-json\/wp\/v2\/pages\/1524","targetHints":{"allow":["GET"]}}],"collection":[{"href":"https:\/\/voice.global\/fr\/wp-json\/wp\/v2\/pages"}],"about":[{"href":"https:\/\/voice.global\/fr\/wp-json\/wp\/v2\/types\/page"}],"author":[{"embeddable":true,"href":"https:\/\/voice.global\/fr\/wp-json\/wp\/v2\/users\/1"}],"replies":[{"embeddable":true,"href":"https:\/\/voice.global\/fr\/wp-json\/wp\/v2\/comments?post=1524"}],"version-history":[{"count":4,"href":"https:\/\/voice.global\/fr\/wp-json\/wp\/v2\/pages\/1524\/revisions"}],"predecessor-version":[{"id":11372,"href":"https:\/\/voice.global\/fr\/wp-json\/wp\/v2\/pages\/1524\/revisions\/11372"}],"wp:attachment":[{"href":"https:\/\/voice.global\/fr\/wp-json\/wp\/v2\/media?parent=1524"}],"curies":[{"name":"wp","href":"https:\/\/api.w.org\/{rel}","templated":true}]}}