{"id":14643,"date":"2021-06-09T12:44:40","date_gmt":"2021-06-09T10:44:40","guid":{"rendered":"https:\/\/voice.global\/?page_id=14643"},"modified":"2021-06-09T12:44:41","modified_gmt":"2021-06-09T10:44:41","slug":"voice-et-le-covid-19","status":"publish","type":"page","link":"https:\/\/voice.global\/fr\/voice-et-le-covid-19\/","title":{"rendered":"Voice et le Covid-19"},"content":{"rendered":"\n<h2 class=\"wp-block-heading\"><strong>S\u2019adapter \u00e0 la nouvelle r\u00e9alit\u00e9<\/strong><\/h2>\n\n\n\n<p>La pand\u00e9mie de coronavirus est parmi nous et change la vie telle que nous la connaissons. Au fur et \u00e0 mesure que tout change, nous voyons un flot d\u2019informations sur les espoirs et les r\u00eaves post-COVID-19 pour de nombreuses organisations, y compris les partenaires de Voice, ainsi que leurs craintes et leurs d\u00e9fis. Il existe \u00e9galement de nombreux syst\u00e8mes de soutien \u00e9mergents sur la fa\u00e7on dont les organisations peuvent naviguer en ces temps incertains.<\/p>\n\n\n\n<p>Sur cette page, nous pr\u00e9sentons tous les messages importants que nous, \u00e0 Voice, avons partag\u00e9s avec les partenaires. Nous soulignons \u00e9galement les initiatives novatrices que les partenaires ont explor\u00e9es en lien avec la pand\u00e9mie. D\u2019autres organisations partageant les m\u00eames id\u00e9es ont cr\u00e9\u00e9 des opportunit\u00e9s, en particulier pour le financement et les services de secours, et cela est \u00e9galement partag\u00e9 ici. Enfin, nous partageons quelques informations g\u00e9n\u00e9rales sur la mani\u00e8re de faire face au cours de cette p\u00e9riode.<\/p>\n\n\n\n<p><\/p>\n\n\n\n<h4 class=\"wp-block-heading\"><strong>Messages importants de Voice<\/strong><\/h4>\n\n\n\n<p>Depuis mars 2020, Voice publie des mises \u00e0 jour p\u00e9riodiques \u00e0 tous ses partenaires. Le premier message sp\u00e9cial a \u00e9t\u00e9 partag\u00e9 en <a rel=\"noreferrer noopener\" href=\"https:\/\/voice.global\/important-message-covid-19\/\" target=\"_blank\">mars 2020<\/a><em>. <\/em>La deuxi\u00e8me mise \u00e0 jour a \u00e9t\u00e9 partag\u00e9e en <a rel=\"noreferrer noopener\" href=\"https:\/\/voice.global\/important-message-covid-19-2\/\" target=\"_blank\">avril 2020<\/a> et la derni\u00e8re est sortie en <a rel=\"noreferrer noopener\" href=\"https:\/\/mailchi.mp\/a131545bb96e\/3rd-special-message-on-coronavirus-to-our-partners\" target=\"_blank\">mai 2020<\/a><em>. <\/em>Voice continuera \u00e0 partager ces messages sp\u00e9ciaux, \u00e0 mesure que nous nous adaptons \u00e0 l\u2019\u00e9volution de la situation mondiale.<\/p>\n\n\n\n<p><\/p>\n\n\n\n<h4 class=\"wp-block-heading\"><strong>Mises \u00e0 jour du Minist\u00e8re<\/strong><\/h4>\n\n\n\n<p>Dans le deuxi\u00e8me message que Voice a partag\u00e9, il y a eu une mise \u00e0 jour du Minist\u00e8re des Affaires Etrang\u00e8res \/ Ministry of Foreign Affairs (MOFA), Pays-Bas \u2013 l\u2019initiateur cl\u00e9 derri\u00e8re Voice. Le Minist\u00e8re a reconnu qu\u2019il s\u2019agissait d\u2019une p\u00e9riode incertaine pour beaucoup, au cours de laquelle il \u00e9tait important de maintenir notre paix et de trouver des solutions inventives pour r\u00e9soudre les probl\u00e8mes, tout en prenant soin les uns des autres. Veuillez trouver ici leur <a href=\"https:\/\/voice.global\/assets\/2020\/05\/Voice-Covid-Response-Update-MOFA.pdf\" target=\"_blank\" rel=\"noreferrer noopener\">lettre de solidarit\u00e9<\/a> \u00e0 tous les partenaires et coll\u00e8gues de Voice.<\/p>\n\n\n\n<p>Voice est honor\u00e9 par les commentaires positifs que nous continuons de recevoir des partenaires pendant cette p\u00e9riode d\u00b4incertitudes et de changements que nous traversons tous. Ci-dessous, une citation que nous avons re\u00e7ue en partageant la lettre du Minist\u00e8re&nbsp;:<\/p>\n\n\n\n<blockquote class=\"wp-block-quote is-layout-flow wp-block-quote-is-layout-flow\"><p>\u00a0\u201cLa lettre a \u00e9t\u00e9 tr\u00e8s encourageante, je l\u2019ai utilis\u00e9e comme point de discussion avec certains donateurs pour montrer \u00e0 quel point Voice est humaine. J\u2019ai \u00e9t\u00e9 vraiment ravie de voir jusq&rsquo;o\u00f9 ils vont pour montrer leur pr\u00e9occupation. Certains donateurs manquent d\u2019humanit\u00e9; pour eux, tout ce qui compte, c\u00b4est le projet. Ils ne sont pas pr\u00e9occup\u00e9s par le fait que les gens soient inquiets et tendus; que les gens essaient de donner un sens \u00e0 ce qui se passe dans le monde. Quand cette lettre est arriv\u00e9e, moi et mon \u00e9quipe, avons fondu en larmes et cela nous a donn\u00e9 le courage de recommencer \u00e0 travailler, sachant que nous ne sommes pas seuls et que quelqu&rsquo;un se soucie de nous\u201d<\/p><cite><em>Irene Ojiugo Patrick-Ogbogu, Directrice Executive, <a href=\"https:\/\/voice.global\/grantees\/making-it-work\/\" target=\"_blank\" rel=\"noreferrer noopener\">Disability Rights Advocacy Centre<\/a>, Nigeria<\/em><\/cite><\/blockquote>\n\n\n\n<p><\/p>\n\n\n\n<p><\/p>\n\n\n\n<p><\/p>\n\n\n\n<h4 class=\"wp-block-heading\"><strong>R\u00e9ponses locales<\/strong><\/h4>\n\n\n\n<p>Les partenaires de Voice continuent de s\u2019adapter \u00e0 l\u2019\u00e9volution de la situation, allant le plus souvent au-del\u00e0 des attentes et prouvant qu\u2019on est fortifi\u00e9 \u00e0 l\u00b4id\u00e9e de faire partie d\u2019une communaut\u00e9 \u2013 de groupes de d\u00e9tenteurs de droits. Voici quelques-unes des innovations que les partenaires de Voice ont mises au point.<\/p>\n\n\n\n<p>Nous avons d\u00e9j\u00e0 \u00e9t\u00e9 inspir\u00e9s par la cr\u00e9ativit\u00e9 et la rapidit\u00e9 de r\u00e9flexion dont font preuve certains partenaires comme ceux-ci :<\/p>\n\n\n\n<ul class=\"wp-block-list\"><li>Le Partenaires d\u2019Autonomisation\u00a0<a href=\"https:\/\/voice.global\/grantees\/univlinkinclusion-of-lgbt-students-of-eastern-samar-state-university-campuses\/\" target=\"_blank\" rel=\"noreferrer noopener\">San Julian Pride<\/a>\u00a0des Philippines, a partag\u00e9 la fa\u00e7on dont il pr\u00e9voit de convertir son t\u00e9l\u00e9phone de bureau en ligne d\u2019assistance t\u00e9l\u00e9phonique hotline pour le COVID-19. Il fournira des informations\/mises \u00e0 jour sur le virus et un soutien psychosocial \u00e0 ceux qui se sentent isol\u00e9s en raison de la distanciation sociale, y compris, mais sans s\u2019y limiter, \u00e0 la communaut\u00e9 des minorit\u00e9s sexuelles.<\/li><li>Le partenaire d\u00b4Innovation et Apprentissage <a href=\"https:\/\/voice.global\/grantees\/creative-youth-boot-camp-art-for-social-transformation\/\" target=\"_blank\" rel=\"noreferrer noopener\">Street Project Foundation<\/a>\u00a0du Nig\u00e9ria, \u00e9tait au milieu de son camp d\u2019atelier cr\u00e9atif biannuel pour la transformation sociale, avec 25 jeunes. Une fois, le camp a d\u00fb s\u2019arr\u00eater en raison de la COVID-19. Ils ont travaill\u00e9 avec les participants sur la mani\u00e8re dont ils pouvaient faire avancer leurs talents en ligne. Un exemple en est la <a href=\"https:\/\/www.facebook.com\/104766062946934\/videos\/1106011469791546\/\" target=\"_blank\" rel=\"noreferrer noopener\">vid\u00e9o de Michael Uhene<\/a>, en train de rapper et de chanter sur les modes de pr\u00e9vention de la propagation de COVID-19, quelque chose qui sera largement partag\u00e9 au sein de leurs r\u00e9seaux sur les m\u00e9dias sociaux.<\/li><li>La sensibilisation \u00e0 travers les organisations de Facilitation de Lien et Apprentissage au Kenya, en Tanzanie et au Nig\u00e9ria, qui pr\u00e9voient d\u2019organiser des r\u00e9unions\u00a0\/ des webinaires, afin de donner des mises \u00e0 jour aux partenaires sur la situation de Covid-19, et d\u2019explorer des moyens cr\u00e9atifs de soutenir les d\u00e9tenteurs de droits les plus touch\u00e9s.<\/li><li><a href=\"https:\/\/voice.global\/grantees\/strengthening-leadership-skills-of-young-women-living-with-disabilities\/\" target=\"_blank\" rel=\"noreferrer noopener\">Fuwavita<\/a>, un partenaire d\u2019Autonomisation en Tanzanie, a cr\u00e9\u00e9 des vid\u00e9os de sensibilisation, sp\u00e9cifiquement pour la communaut\u00e9 des sourds et malentendants, ainsi que des descriptions d\u2019images sur le Covid-19, apr\u00e8s que le gouvernement ait confirm\u00e9 la pr\u00e9sence de Covid-19 dans le pays.<\/li><li>Les Facilitateurs de Lien et Apprentissage de Voice au Mali et au Niger,\u00a0<a href=\"https:\/\/voice.global\/grantees\/connecting-voices-in-mali-niger\/\" target=\"_blank\" rel=\"noreferrer noopener\">Accountability Lab<\/a>, sont pass\u00e9s au num\u00e9rique. Au Mali, A-LAB utilise des \u00e9changes en ligne et des campagnes virtuelles de sensibilisation concernant la pand\u00e9mie et donne aux citoyens les moyens de promouvoir la redevabilit\u00e9, la transparence, l\u2019int\u00e9grit\u00e9 et le changement social.<br><br><\/li><\/ul>\n\n\n\n<h4 class=\"wp-block-heading\"><strong>Sources de financement disponibles<\/strong><\/h4>\n\n\n\n<p>Voice a d\u00fb mettre un terme aux nouveaux Appels \u00e0 Propositions en raison de l\u2019effet du COVID-19. Cette d\u00e9cision douloureuse \u00e9tait \u00e9galement due au fait que les mises \u00e0 jour des analyses de contexte national sont en cours, informant comment Voice planifie sa phase d\u2019extension (2021-2024). Toutefois, diverses autres institutions offrent d\u2019autres <a href=\"https:\/\/voice.global\/response-to-the-covid-19-crisis\/\" target=\"_blank\" rel=\"noreferrer noopener\">opportunit\u00e9s de financement<\/a>.<br><br><\/p>\n\n\n\n<h4 class=\"wp-block-heading\"><strong>Conseils pratiques #staysafe et \u00e9tiquette num\u00e9rique<\/strong><\/h4>\n\n\n\n<p>Voici quelques ressources pour vous aider \u00e0 rester inform\u00e9s et \u00e0 prendre soin de vous :<\/p>\n\n\n\n<ul class=\"wp-block-list\"><li>9 Questions r\u00e9pondues sur la pand\u00e9mie de Covid-19 :\u00a0<a href=\"https:\/\/www.vox.com\/2020\/1\/31\/21113178\/what-is-coronavirus-symptoms-travel-china-map\" target=\"_blank\" rel=\"noreferrer noopener\">https:\/\/www.vox.com\/2020\/1\/31\/21113178\/what-is-coronavirus-symptoms-travel-china-map<\/a><\/li><li>5 Pr\u00e9cautions pour arr\u00eater la propagation du coronavirus :\u00a0<a href=\"https:\/\/medium.com\/@weimankow\/5-precautions-to-stop-the-spread-of-coronaviruses-in-comics-8b5c6f9388f1\">https:\/\/medium.com\/<\/a>@bram<a href=\"https:\/\/medium.com\/@weimankow\/5-precautions-to-stop-the-spread-of-coronaviruses-in-comics-8b5c6f9388f1\">weimankow\/5-precautions-to-stop-the-spread-of-coronaviruses-in-comics-8b5c6f9388f1<\/a><\/li><li>Outils pour les r\u00e9unions en ligne : (<a href=\"https:\/\/jitsi.org\/\">https:\/\/jitsi.org\/<\/a>), Skype (<a href=\"https:\/\/www.skype.com\/en\/\">https:\/\/www.skype.com\/en\/<\/a>), Zoom (<a href=\"https:\/\/zoom.us\/\" target=\"_blank\" rel=\"noreferrer noopener\">https:\/\/zoom.us\/<\/a>), Google Hangouts (<a href=\"https:\/\/hangouts.google.com\/\">https:\/\/hangouts.google.com\/<\/a>)<\/li><li>Astuces sur l\u2019\u00e9tiquette pour les r\u00e9unions en ligne :\u00a0<a href=\"https:\/\/uit.stanford.edu\/videoconferencing\/meeting-etiquette\" target=\"_blank\" rel=\"noreferrer noopener\">https:\/\/uit.stanford.edu\/videoconferencing\/meeting-etiquette<\/a><\/li><li>Comment diriger une r\u00e9union Zoom productive et inclusive (\/en ligne) :\u00a0<a href=\"https:\/\/youtu.be\/edsHYcQ7q8k\/\" target=\"_blank\" rel=\"noreferrer noopener\">https:\/\/youtu.be\/edsHYcQ7q8k\/<\/a><\/li><\/ul>\n\n\n\n<p><\/p>\n","protected":false},"excerpt":{"rendered":"<p>S\u2019adapter \u00e0 la nouvelle r\u00e9alit\u00e9 La pand\u00e9mie de coronavirus est parmi nous et change la vie telle que nous la connaissons. Au fur et \u00e0 mesure que tout change, nous voyons un flot d\u2019informations sur les espoirs et les r\u00eaves post-COVID-19 pour de nombreuses organisations, y compris les partenaires de Voice, ainsi que leurs craintes [&hellip;]<\/p>\n","protected":false},"author":15,"featured_media":9282,"parent":0,"menu_order":23,"comment_status":"closed","ping_status":"closed","template":"","meta":{"footnotes":""},"class_list":["post-14643","page","type-page","status-publish","has-post-thumbnail","hentry"],"yoast_head":"<!-- This site is optimized with the Yoast SEO plugin v27.3 - https:\/\/yoast.com\/product\/yoast-seo-wordpress\/ -->\n<title>Voice et le Covid-19 - Voice.Global<\/title>\n<meta name=\"robots\" content=\"index, follow, max-snippet:-1, max-image-preview:large, max-video-preview:-1\" \/>\n<link rel=\"canonical\" href=\"https:\/\/voice.global\/fr\/voice-et-le-covid-19\/\" \/>\n<meta property=\"og:locale\" content=\"fr_FR\" \/>\n<meta property=\"og:type\" content=\"article\" \/>\n<meta property=\"og:title\" content=\"Voice et le Covid-19 - Voice.Global\" \/>\n<meta property=\"og:description\" content=\"S\u2019adapter \u00e0 la nouvelle r\u00e9alit\u00e9 La pand\u00e9mie de coronavirus est parmi nous et change la vie telle que nous la connaissons. Au fur et \u00e0 mesure que tout change, nous voyons un flot d\u2019informations sur les espoirs et les r\u00eaves post-COVID-19 pour de nombreuses organisations, y compris les partenaires de Voice, ainsi que leurs craintes [&hellip;]\" \/>\n<meta property=\"og:url\" content=\"https:\/\/voice.global\/fr\/voice-et-le-covid-19\/\" \/>\n<meta property=\"og:site_name\" content=\"Voice.Global\" \/>\n<meta property=\"article:modified_time\" content=\"2021-06-09T10:44:41+00:00\" \/>\n<meta property=\"og:image\" content=\"https:\/\/voice.global\/assets\/2020\/03\/Stay-Safe.jpg\" \/>\n\t<meta property=\"og:image:width\" content=\"400\" \/>\n\t<meta property=\"og:image:height\" content=\"350\" \/>\n\t<meta property=\"og:image:type\" content=\"image\/jpeg\" \/>\n<meta name=\"twitter:card\" content=\"summary_large_image\" \/>\n<meta name=\"twitter:label1\" content=\"Dur\u00e9e de lecture estim\u00e9e\" \/>\n\t<meta name=\"twitter:data1\" content=\"6 minutes\" \/>\n<script type=\"application\/ld+json\" class=\"yoast-schema-graph\">{\"@context\":\"https:\\\/\\\/schema.org\",\"@graph\":[{\"@type\":\"WebPage\",\"@id\":\"https:\\\/\\\/voice.global\\\/fr\\\/voice-et-le-covid-19\\\/\",\"url\":\"https:\\\/\\\/voice.global\\\/fr\\\/voice-et-le-covid-19\\\/\",\"name\":\"Voice et le Covid-19 - Voice.Global\",\"isPartOf\":{\"@id\":\"https:\\\/\\\/voice.global\\\/#website\"},\"primaryImageOfPage\":{\"@id\":\"https:\\\/\\\/voice.global\\\/fr\\\/voice-et-le-covid-19\\\/#primaryimage\"},\"image\":{\"@id\":\"https:\\\/\\\/voice.global\\\/fr\\\/voice-et-le-covid-19\\\/#primaryimage\"},\"thumbnailUrl\":\"https:\\\/\\\/voice.global\\\/assets\\\/2020\\\/03\\\/Stay-Safe.jpg\",\"datePublished\":\"2021-06-09T10:44:40+00:00\",\"dateModified\":\"2021-06-09T10:44:41+00:00\",\"breadcrumb\":{\"@id\":\"https:\\\/\\\/voice.global\\\/fr\\\/voice-et-le-covid-19\\\/#breadcrumb\"},\"inLanguage\":\"fr-FR\",\"potentialAction\":[{\"@type\":\"ReadAction\",\"target\":[\"https:\\\/\\\/voice.global\\\/fr\\\/voice-et-le-covid-19\\\/\"]}]},{\"@type\":\"ImageObject\",\"inLanguage\":\"fr-FR\",\"@id\":\"https:\\\/\\\/voice.global\\\/fr\\\/voice-et-le-covid-19\\\/#primaryimage\",\"url\":\"https:\\\/\\\/voice.global\\\/assets\\\/2020\\\/03\\\/Stay-Safe.jpg\",\"contentUrl\":\"https:\\\/\\\/voice.global\\\/assets\\\/2020\\\/03\\\/Stay-Safe.jpg\",\"width\":400,\"height\":350},{\"@type\":\"BreadcrumbList\",\"@id\":\"https:\\\/\\\/voice.global\\\/fr\\\/voice-et-le-covid-19\\\/#breadcrumb\",\"itemListElement\":[{\"@type\":\"ListItem\",\"position\":1,\"name\":\"Home\",\"item\":\"https:\\\/\\\/voice.global\\\/fr\\\/\"},{\"@type\":\"ListItem\",\"position\":2,\"name\":\"Voice et le Covid-19\"}]},{\"@type\":\"WebSite\",\"@id\":\"https:\\\/\\\/voice.global\\\/#website\",\"url\":\"https:\\\/\\\/voice.global\\\/\",\"name\":\"Voice.Global\",\"description\":\"Include - Innovate - Influence\",\"potentialAction\":[{\"@type\":\"SearchAction\",\"target\":{\"@type\":\"EntryPoint\",\"urlTemplate\":\"https:\\\/\\\/voice.global\\\/?s={search_term_string}\"},\"query-input\":{\"@type\":\"PropertyValueSpecification\",\"valueRequired\":true,\"valueName\":\"search_term_string\"}}],\"inLanguage\":\"fr-FR\"}]}<\/script>\n<!-- \/ Yoast SEO plugin. -->","yoast_head_json":{"title":"Voice et le Covid-19 - Voice.Global","robots":{"index":"index","follow":"follow","max-snippet":"max-snippet:-1","max-image-preview":"max-image-preview:large","max-video-preview":"max-video-preview:-1"},"canonical":"https:\/\/voice.global\/fr\/voice-et-le-covid-19\/","og_locale":"fr_FR","og_type":"article","og_title":"Voice et le Covid-19 - Voice.Global","og_description":"S\u2019adapter \u00e0 la nouvelle r\u00e9alit\u00e9 La pand\u00e9mie de coronavirus est parmi nous et change la vie telle que nous la connaissons. Au fur et \u00e0 mesure que tout change, nous voyons un flot d\u2019informations sur les espoirs et les r\u00eaves post-COVID-19 pour de nombreuses organisations, y compris les partenaires de Voice, ainsi que leurs craintes [&hellip;]","og_url":"https:\/\/voice.global\/fr\/voice-et-le-covid-19\/","og_site_name":"Voice.Global","article_modified_time":"2021-06-09T10:44:41+00:00","og_image":[{"width":400,"height":350,"url":"https:\/\/voice.global\/assets\/2020\/03\/Stay-Safe.jpg","type":"image\/jpeg"}],"twitter_card":"summary_large_image","twitter_misc":{"Dur\u00e9e de lecture estim\u00e9e":"6 minutes"},"schema":{"@context":"https:\/\/schema.org","@graph":[{"@type":"WebPage","@id":"https:\/\/voice.global\/fr\/voice-et-le-covid-19\/","url":"https:\/\/voice.global\/fr\/voice-et-le-covid-19\/","name":"Voice et le Covid-19 - Voice.Global","isPartOf":{"@id":"https:\/\/voice.global\/#website"},"primaryImageOfPage":{"@id":"https:\/\/voice.global\/fr\/voice-et-le-covid-19\/#primaryimage"},"image":{"@id":"https:\/\/voice.global\/fr\/voice-et-le-covid-19\/#primaryimage"},"thumbnailUrl":"https:\/\/voice.global\/assets\/2020\/03\/Stay-Safe.jpg","datePublished":"2021-06-09T10:44:40+00:00","dateModified":"2021-06-09T10:44:41+00:00","breadcrumb":{"@id":"https:\/\/voice.global\/fr\/voice-et-le-covid-19\/#breadcrumb"},"inLanguage":"fr-FR","potentialAction":[{"@type":"ReadAction","target":["https:\/\/voice.global\/fr\/voice-et-le-covid-19\/"]}]},{"@type":"ImageObject","inLanguage":"fr-FR","@id":"https:\/\/voice.global\/fr\/voice-et-le-covid-19\/#primaryimage","url":"https:\/\/voice.global\/assets\/2020\/03\/Stay-Safe.jpg","contentUrl":"https:\/\/voice.global\/assets\/2020\/03\/Stay-Safe.jpg","width":400,"height":350},{"@type":"BreadcrumbList","@id":"https:\/\/voice.global\/fr\/voice-et-le-covid-19\/#breadcrumb","itemListElement":[{"@type":"ListItem","position":1,"name":"Home","item":"https:\/\/voice.global\/fr\/"},{"@type":"ListItem","position":2,"name":"Voice et le Covid-19"}]},{"@type":"WebSite","@id":"https:\/\/voice.global\/#website","url":"https:\/\/voice.global\/","name":"Voice.Global","description":"Include - Innovate - Influence","potentialAction":[{"@type":"SearchAction","target":{"@type":"EntryPoint","urlTemplate":"https:\/\/voice.global\/?s={search_term_string}"},"query-input":{"@type":"PropertyValueSpecification","valueRequired":true,"valueName":"search_term_string"}}],"inLanguage":"fr-FR"}]}},"_links":{"self":[{"href":"https:\/\/voice.global\/fr\/wp-json\/wp\/v2\/pages\/14643","targetHints":{"allow":["GET"]}}],"collection":[{"href":"https:\/\/voice.global\/fr\/wp-json\/wp\/v2\/pages"}],"about":[{"href":"https:\/\/voice.global\/fr\/wp-json\/wp\/v2\/types\/page"}],"author":[{"embeddable":true,"href":"https:\/\/voice.global\/fr\/wp-json\/wp\/v2\/users\/15"}],"replies":[{"embeddable":true,"href":"https:\/\/voice.global\/fr\/wp-json\/wp\/v2\/comments?post=14643"}],"version-history":[{"count":2,"href":"https:\/\/voice.global\/fr\/wp-json\/wp\/v2\/pages\/14643\/revisions"}],"predecessor-version":[{"id":14645,"href":"https:\/\/voice.global\/fr\/wp-json\/wp\/v2\/pages\/14643\/revisions\/14645"}],"wp:featuredmedia":[{"embeddable":true,"href":"https:\/\/voice.global\/fr\/wp-json\/wp\/v2\/media\/9282"}],"wp:attachment":[{"href":"https:\/\/voice.global\/fr\/wp-json\/wp\/v2\/media?parent=14643"}],"curies":[{"name":"wp","href":"https:\/\/api.w.org\/{rel}","templated":true}]}}