{"id":1429,"date":"2017-09-15T13:11:11","date_gmt":"2017-09-15T13:11:11","guid":{"rendered":"http:\/\/voice.wbbclient.com\/?page_id=1429\/"},"modified":"2018-08-01T21:53:37","modified_gmt":"2018-08-01T19:53:37","slug":"actualites","status":"publish","type":"page","link":"https:\/\/voice.global\/fr\/actualites\/","title":{"rendered":"Salle de R\u00e9daction"},"content":{"rendered":"<p>Sur cette page, vous trouverez toutes les articles d&rsquo;actualit\u00e9, les blogs, les publications, les histoires et autres annonces li\u00e9es \u00e0 Voice.<\/p>\n<p>Vous pouvez filtrer par type d&rsquo;actualit\u00e9 ci-dessous ou simplement faire d\u00e9filer vers le bas.<\/p>\n<p>Si vous avez quelque chose \u00e0 partager, en particulier en tant que partenaire de Voice (commes des publications \/ histoires etc.) ou si vous souhaitez \u00e9crire un blog, envoyez-les \u00e0 <a href=\"mailto:hello@voice.global\">hello@voice.global<\/a><\/p>\n","protected":false},"excerpt":{"rendered":"<p>Sur cette page, vous trouverez toutes les articles d&rsquo;actualit\u00e9, les blogs, les publications, les histoires et autres annonces li\u00e9es \u00e0 Voice. Vous pouvez filtrer par type d&rsquo;actualit\u00e9 ci-dessous ou simplement faire d\u00e9filer vers le bas. Si vous avez quelque chose \u00e0 partager, en particulier en tant que partenaire de Voice (commes des publications \/ histoires [&hellip;]<\/p>\n","protected":false},"author":1,"featured_media":0,"parent":0,"menu_order":78,"comment_status":"closed","ping_status":"closed","template":"templates\/filter-template.php","meta":{"footnotes":""},"class_list":["post-1429","page","type-page","status-publish","hentry"],"yoast_head":"<!-- This site is optimized with the Yoast SEO plugin v27.3 - https:\/\/yoast.com\/product\/yoast-seo-wordpress\/ -->\n<title>Salle de R\u00e9daction - Voice.Global<\/title>\n<meta name=\"robots\" content=\"index, follow, max-snippet:-1, max-image-preview:large, max-video-preview:-1\" \/>\n<link rel=\"canonical\" href=\"https:\/\/voice.global\/fr\/actualites\/\" \/>\n<meta property=\"og:locale\" content=\"fr_FR\" \/>\n<meta property=\"og:type\" content=\"article\" \/>\n<meta property=\"og:title\" content=\"Salle de R\u00e9daction - Voice.Global\" \/>\n<meta property=\"og:description\" content=\"Sur cette page, vous trouverez toutes les articles d&rsquo;actualit\u00e9, les blogs, les publications, les histoires et autres annonces li\u00e9es \u00e0 Voice. Vous pouvez filtrer par type d&rsquo;actualit\u00e9 ci-dessous ou simplement faire d\u00e9filer vers le bas. Si vous avez quelque chose \u00e0 partager, en particulier en tant que partenaire de Voice (commes des publications \/ histoires [&hellip;]\" \/>\n<meta property=\"og:url\" content=\"https:\/\/voice.global\/fr\/actualites\/\" \/>\n<meta property=\"og:site_name\" content=\"Voice.Global\" \/>\n<meta property=\"article:modified_time\" content=\"2018-08-01T19:53:37+00:00\" \/>\n<meta name=\"twitter:card\" content=\"summary_large_image\" \/>\n<script type=\"application\/ld+json\" class=\"yoast-schema-graph\">{\"@context\":\"https:\\\/\\\/schema.org\",\"@graph\":[{\"@type\":\"WebPage\",\"@id\":\"https:\\\/\\\/voice.global\\\/fr\\\/actualites\\\/\",\"url\":\"https:\\\/\\\/voice.global\\\/fr\\\/actualites\\\/\",\"name\":\"Salle de R\u00e9daction - Voice.Global\",\"isPartOf\":{\"@id\":\"https:\\\/\\\/voice.global\\\/#website\"},\"datePublished\":\"2017-09-15T13:11:11+00:00\",\"dateModified\":\"2018-08-01T19:53:37+00:00\",\"breadcrumb\":{\"@id\":\"https:\\\/\\\/voice.global\\\/fr\\\/actualites\\\/#breadcrumb\"},\"inLanguage\":\"fr-FR\",\"potentialAction\":[{\"@type\":\"ReadAction\",\"target\":[\"https:\\\/\\\/voice.global\\\/fr\\\/actualites\\\/\"]}]},{\"@type\":\"BreadcrumbList\",\"@id\":\"https:\\\/\\\/voice.global\\\/fr\\\/actualites\\\/#breadcrumb\",\"itemListElement\":[{\"@type\":\"ListItem\",\"position\":1,\"name\":\"Home\",\"item\":\"https:\\\/\\\/voice.global\\\/fr\\\/\"},{\"@type\":\"ListItem\",\"position\":2,\"name\":\"Salle de R\u00e9daction\"}]},{\"@type\":\"WebSite\",\"@id\":\"https:\\\/\\\/voice.global\\\/#website\",\"url\":\"https:\\\/\\\/voice.global\\\/\",\"name\":\"Voice.Global\",\"description\":\"Include - Innovate - Influence\",\"potentialAction\":[{\"@type\":\"SearchAction\",\"target\":{\"@type\":\"EntryPoint\",\"urlTemplate\":\"https:\\\/\\\/voice.global\\\/?s={search_term_string}\"},\"query-input\":{\"@type\":\"PropertyValueSpecification\",\"valueRequired\":true,\"valueName\":\"search_term_string\"}}],\"inLanguage\":\"fr-FR\"}]}<\/script>\n<!-- \/ Yoast SEO plugin. -->","yoast_head_json":{"title":"Salle de R\u00e9daction - Voice.Global","robots":{"index":"index","follow":"follow","max-snippet":"max-snippet:-1","max-image-preview":"max-image-preview:large","max-video-preview":"max-video-preview:-1"},"canonical":"https:\/\/voice.global\/fr\/actualites\/","og_locale":"fr_FR","og_type":"article","og_title":"Salle de R\u00e9daction - Voice.Global","og_description":"Sur cette page, vous trouverez toutes les articles d&rsquo;actualit\u00e9, les blogs, les publications, les histoires et autres annonces li\u00e9es \u00e0 Voice. Vous pouvez filtrer par type d&rsquo;actualit\u00e9 ci-dessous ou simplement faire d\u00e9filer vers le bas. Si vous avez quelque chose \u00e0 partager, en particulier en tant que partenaire de Voice (commes des publications \/ histoires [&hellip;]","og_url":"https:\/\/voice.global\/fr\/actualites\/","og_site_name":"Voice.Global","article_modified_time":"2018-08-01T19:53:37+00:00","twitter_card":"summary_large_image","schema":{"@context":"https:\/\/schema.org","@graph":[{"@type":"WebPage","@id":"https:\/\/voice.global\/fr\/actualites\/","url":"https:\/\/voice.global\/fr\/actualites\/","name":"Salle de R\u00e9daction - Voice.Global","isPartOf":{"@id":"https:\/\/voice.global\/#website"},"datePublished":"2017-09-15T13:11:11+00:00","dateModified":"2018-08-01T19:53:37+00:00","breadcrumb":{"@id":"https:\/\/voice.global\/fr\/actualites\/#breadcrumb"},"inLanguage":"fr-FR","potentialAction":[{"@type":"ReadAction","target":["https:\/\/voice.global\/fr\/actualites\/"]}]},{"@type":"BreadcrumbList","@id":"https:\/\/voice.global\/fr\/actualites\/#breadcrumb","itemListElement":[{"@type":"ListItem","position":1,"name":"Home","item":"https:\/\/voice.global\/fr\/"},{"@type":"ListItem","position":2,"name":"Salle de R\u00e9daction"}]},{"@type":"WebSite","@id":"https:\/\/voice.global\/#website","url":"https:\/\/voice.global\/","name":"Voice.Global","description":"Include - Innovate - Influence","potentialAction":[{"@type":"SearchAction","target":{"@type":"EntryPoint","urlTemplate":"https:\/\/voice.global\/?s={search_term_string}"},"query-input":{"@type":"PropertyValueSpecification","valueRequired":true,"valueName":"search_term_string"}}],"inLanguage":"fr-FR"}]}},"_links":{"self":[{"href":"https:\/\/voice.global\/fr\/wp-json\/wp\/v2\/pages\/1429","targetHints":{"allow":["GET"]}}],"collection":[{"href":"https:\/\/voice.global\/fr\/wp-json\/wp\/v2\/pages"}],"about":[{"href":"https:\/\/voice.global\/fr\/wp-json\/wp\/v2\/types\/page"}],"author":[{"embeddable":true,"href":"https:\/\/voice.global\/fr\/wp-json\/wp\/v2\/users\/1"}],"replies":[{"embeddable":true,"href":"https:\/\/voice.global\/fr\/wp-json\/wp\/v2\/comments?post=1429"}],"version-history":[{"count":0,"href":"https:\/\/voice.global\/fr\/wp-json\/wp\/v2\/pages\/1429\/revisions"}],"wp:attachment":[{"href":"https:\/\/voice.global\/fr\/wp-json\/wp\/v2\/media?parent=1429"}],"curies":[{"name":"wp","href":"https:\/\/api.w.org\/{rel}","templated":true}]}}