{"id":1188,"date":"2016-08-17T10:57:12","date_gmt":"2016-08-17T10:57:12","guid":{"rendered":"http:\/\/voice.wbbclient.com\/grant-types\/"},"modified":"2019-04-08T08:39:50","modified_gmt":"2019-04-08T06:39:50","slug":"types-de-subventions","status":"publish","type":"page","link":"https:\/\/voice.global\/fr\/subventions\/types-de-subventions\/","title":{"rendered":"Types de Subventions"},"content":{"rendered":"<p>Voice se d\u00e9marque des autres programmes de subventions en d\u00e9veloppant une demande de subvention et un processus de rapportage adapt\u00e9s aux cinq groupes cibles et quatre types de subventions qui sont accessibles, faciles \u00e0 utiliser et innovants.<\/p>\n<p>Le m\u00e9canisme Voice est destin\u00e9 \u00e0 appuyer des groupes informels mais aussi des organisations et r\u00e9seaux officiels bien que les demandeurs de subventions doivent avoir un statut l\u00e9gal. Il existe quatre types de subventions<\/p>\n<h2 class=\"card-title\">Subventions d\u2019Autonomisation<\/h2>\n<figure><img loading=\"lazy\" decoding=\"async\" class=\"size-medium wp-image-5920 alignright\" src=\"https:\/\/voice.global\/assets\/2019\/04\/Grant_Empowerment_04-1-300x169.png\" alt=\"\" width=\"300\" height=\"169\" srcset=\"https:\/\/voice.global\/assets\/2019\/04\/Grant_Empowerment_04-1-300x169.png 300w, https:\/\/voice.global\/assets\/2019\/04\/Grant_Empowerment_04-1-768x432.png 768w, https:\/\/voice.global\/assets\/2019\/04\/Grant_Empowerment_04-1-1024x576.png 1024w, https:\/\/voice.global\/assets\/2019\/04\/Grant_Empowerment_04-1-387x217.png 387w, https:\/\/voice.global\/assets\/2019\/04\/Grant_Empowerment_04-1.png 1920w\" sizes=\"auto, (max-width: 300px) 100vw, 300px\" \/><\/figure>\n<p class=\"card-description\">Cibler des groupes (informels) ou organisations pour sensibiliser, promouvoir un leadership transformateur, renforcer la confiance et les talents, et combattre la stigmatisation des groupes marginalis\u00e9s et discrimin\u00e9s. Les subventions d\u2019Autonomisation sont des petits financements avec une p\u00e9riode d\u2019ex\u00e9cution entre 12 et 24 mois. Des groupes informels peuvent acc\u00e9der \u00e0 un financement \u00e0 travers un partenariat avec une organisation formelle. Ces subventions sont disponibles de 5 000 jusqu\u2019\u00e0 25 000 euros sur une base continue au niveau national en tant qu&rsquo;au niveau regional vont jusqu&rsquo;\u00e0 75 000 euros. Toutes les subventions seront annonc\u00e9es via le page Appel \u00e0 Proposition. En savoir plus sur le <a href=\"https:\/\/voice.global\/fr\/grant\/subventions-dautonomisation\/\">Subventions d\u2019Autonomisation<\/a><\/p>\n<h2 class=\"card-title\">Subventions d\u2019Influence<\/h2>\n<figure><img loading=\"lazy\" decoding=\"async\" class=\"size-medium wp-image-5914 alignright\" src=\"https:\/\/voice.global\/assets\/2019\/04\/Grant_Influencing_02-300x169.png\" alt=\"\" width=\"300\" height=\"169\" srcset=\"https:\/\/voice.global\/assets\/2019\/04\/Grant_Influencing_02-300x169.png 300w, https:\/\/voice.global\/assets\/2019\/04\/Grant_Influencing_02-768x432.png 768w, https:\/\/voice.global\/assets\/2019\/04\/Grant_Influencing_02-1024x576.png 1024w, https:\/\/voice.global\/assets\/2019\/04\/Grant_Influencing_02-387x217.png 387w, https:\/\/voice.global\/assets\/2019\/04\/Grant_Influencing_02.png 1920w\" sizes=\"auto, (max-width: 300px) 100vw, 300px\" \/><\/figure>\n<p class=\"card-description\">Cibler des organisations et r\u00e9seaux pour renforcer leurs capacit\u00e9s de lobbying et de plaidoyer et de donner de la voix aux groupes marginalis\u00e9s et discrimin\u00e9s. Les subventions d\u2019Influence qui sont sp\u00e9cifiques selon les pays sont disponibles de 25 000 euros \u00e0 200 000 euros, alors qu\u2019un appel \u00e0 proposition multi-pays va jusqu&rsquo;\u00e0 500 000 euro maximum. Ce type de subvention a une dur\u00e9e entre 18 et 36 mois maximum. Tous ces Appels au niveau national seront annonc\u00e9s via les pages pays ou via la page d\u2019accueil pour les propositions multi-pays. En savoir plus sur le <a href=\"https:\/\/voice.global\/fr\/grant\/subventions-dinfluence\/\">Subventions d\u2019Influence<\/a><\/p>\n<h2 class=\"card-title\">Subventions d\u2019Innovation et Apprentissage<\/h2>\n<figure><\/figure>\n<figure>\n<figure>\n<figure><img loading=\"lazy\" decoding=\"async\" class=\"size-medium wp-image-5918 alignright\" src=\"https:\/\/voice.global\/assets\/2019\/04\/Grant_Innovation_02-2-300x169.png\" alt=\"\" width=\"300\" height=\"169\" srcset=\"https:\/\/voice.global\/assets\/2019\/04\/Grant_Innovation_02-2-300x169.png 300w, https:\/\/voice.global\/assets\/2019\/04\/Grant_Innovation_02-2-768x432.png 768w, https:\/\/voice.global\/assets\/2019\/04\/Grant_Innovation_02-2-1024x576.png 1024w, https:\/\/voice.global\/assets\/2019\/04\/Grant_Innovation_02-2-387x217.png 387w, https:\/\/voice.global\/assets\/2019\/04\/Grant_Innovation_02-2.png 1920w\" sizes=\"auto, (max-width: 300px) 100vw, 300px\" \/><\/figure>\n<\/figure>\n<\/figure>\n<p class=\"card-description\">Pour des groupes et organisations afin de tester et mettre \u00e0 \u00e9chelle de nouvelles approches en mettant l\u2019accent sur les innovations ax\u00e9es sur la personne humaine qui sont sp\u00e9cifiques selon le contexte de l\u2019\u00e9chelle. Les subventions dites Innovation et Apprentissage sont disponibles entre 5 000 euros \u00e0 200 000 euros pour une dure\u00e9 entre 12 et 24 mois. La subvention d&rsquo;Innovation et Apprentissage est disponible \u00e0 travers un appel \u00e0 proposition national et\/ou mondial. En savoir plus sur le <a href=\"https:\/\/voice.global\/fr\/grant\/subventions-innovation-et-apprentissage\/\">Subventions d\u2019Innovation et Apprentissage<\/a><\/p>\n<h2 class=\"card-title\">Subventions d\u2019Opportunit\u00e9 Soudaine<\/h2>\n<figure><img loading=\"lazy\" decoding=\"async\" class=\"size-medium wp-image-5916 alignright\" src=\"https:\/\/voice.global\/assets\/2019\/04\/Grant_Sudden_03-300x169.png\" alt=\"\" width=\"300\" height=\"169\" srcset=\"https:\/\/voice.global\/assets\/2019\/04\/Grant_Sudden_03-300x169.png 300w, https:\/\/voice.global\/assets\/2019\/04\/Grant_Sudden_03-768x432.png 768w, https:\/\/voice.global\/assets\/2019\/04\/Grant_Sudden_03-1024x576.png 1024w, https:\/\/voice.global\/assets\/2019\/04\/Grant_Sudden_03-387x217.png 387w, https:\/\/voice.global\/assets\/2019\/04\/Grant_Sudden_03.png 1920w\" sizes=\"auto, (max-width: 300px) 100vw, 300px\" \/><\/figure>\n<figure><\/figure>\n<p class=\"card-description\">Cr\u00e9er de la flexibilit\u00e9 pour entreprendre une action collective afin de r\u00e9pondre \u00e0 des opportunit\u00e9s inattendues et soudaines. Ceci pourrait se mat\u00e9rialiser par l\u2019influence sur les politiques ou porter sur une menace de r\u00e9duction de l\u2019espace civique pour la soci\u00e9t\u00e9 civile. Les subventions r\u00e9pondant \u00e0 une Opportunit\u00e9 Soudaine sont disponibles sur une base continue, principalement au niveau national et pour une dure\u00e9 entre 6 et 12 mois maximum et un montant entre 5 000 euros \u00e0 200 000 euros. Pour plus d&rsquo;information, visitez les pages pays sp\u00e9cifiques. Pour des\u00a0 opportunit\u00e9s au niveau multi-pays veuillez contacter l&rsquo;\u00e9quipe de coordination. En savoir plus sur le <a href=\"https:\/\/voice.global\/fr\/grant\/subventions-opportunite-soudaine\/\">Subventions d\u2019Opportunit\u00e9 Soudaine<\/a><\/p>\n<p class=\"card-description\">\n","protected":false},"excerpt":{"rendered":"<p>Voice se d\u00e9marque des autres programmes de subventions en d\u00e9veloppant une demande de subvention et un processus de rapportage adapt\u00e9s aux cinq groupes cibles et quatre types de subventions qui sont accessibles, faciles \u00e0 utiliser et innovants. Le m\u00e9canisme Voice est destin\u00e9 \u00e0 appuyer des groupes informels mais aussi des organisations et r\u00e9seaux officiels bien [&hellip;]<\/p>\n","protected":false},"author":1,"featured_media":0,"parent":4558,"menu_order":82,"comment_status":"closed","ping_status":"closed","template":"","meta":{"footnotes":""},"class_list":["post-1188","page","type-page","status-publish","hentry"],"yoast_head":"<!-- This site is optimized with the Yoast SEO plugin v27.3 - https:\/\/yoast.com\/product\/yoast-seo-wordpress\/ -->\n<title>Types de Subventions - Voice.Global<\/title>\n<meta name=\"robots\" content=\"index, follow, max-snippet:-1, max-image-preview:large, max-video-preview:-1\" \/>\n<link rel=\"canonical\" href=\"https:\/\/voice.global\/fr\/subventions\/types-de-subventions\/\" \/>\n<meta property=\"og:locale\" content=\"fr_FR\" \/>\n<meta property=\"og:type\" content=\"article\" \/>\n<meta property=\"og:title\" content=\"Types de Subventions - Voice.Global\" \/>\n<meta property=\"og:description\" content=\"Voice se d\u00e9marque des autres programmes de subventions en d\u00e9veloppant une demande de subvention et un processus de rapportage adapt\u00e9s aux cinq groupes cibles et quatre types de subventions qui sont accessibles, faciles \u00e0 utiliser et innovants. Le m\u00e9canisme Voice est destin\u00e9 \u00e0 appuyer des groupes informels mais aussi des organisations et r\u00e9seaux officiels bien [&hellip;]\" \/>\n<meta property=\"og:url\" content=\"https:\/\/voice.global\/fr\/subventions\/types-de-subventions\/\" \/>\n<meta property=\"og:site_name\" content=\"Voice.Global\" \/>\n<meta property=\"article:modified_time\" content=\"2019-04-08T06:39:50+00:00\" \/>\n<meta property=\"og:image\" content=\"https:\/\/voice.global\/assets\/2019\/04\/Grant_Empowerment_04-1-300x169.png\" \/>\n<meta name=\"twitter:card\" content=\"summary_large_image\" \/>\n<meta name=\"twitter:label1\" content=\"Dur\u00e9e de lecture estim\u00e9e\" \/>\n\t<meta name=\"twitter:data1\" content=\"2 minutes\" \/>\n<script type=\"application\/ld+json\" class=\"yoast-schema-graph\">{\"@context\":\"https:\\\/\\\/schema.org\",\"@graph\":[{\"@type\":\"WebPage\",\"@id\":\"https:\\\/\\\/voice.global\\\/fr\\\/subventions\\\/types-de-subventions\\\/\",\"url\":\"https:\\\/\\\/voice.global\\\/fr\\\/subventions\\\/types-de-subventions\\\/\",\"name\":\"Types de Subventions - Voice.Global\",\"isPartOf\":{\"@id\":\"https:\\\/\\\/voice.global\\\/#website\"},\"primaryImageOfPage\":{\"@id\":\"https:\\\/\\\/voice.global\\\/fr\\\/subventions\\\/types-de-subventions\\\/#primaryimage\"},\"image\":{\"@id\":\"https:\\\/\\\/voice.global\\\/fr\\\/subventions\\\/types-de-subventions\\\/#primaryimage\"},\"thumbnailUrl\":\"https:\\\/\\\/voice.global\\\/assets\\\/2019\\\/04\\\/Grant_Empowerment_04-1-300x169.png\",\"datePublished\":\"2016-08-17T10:57:12+00:00\",\"dateModified\":\"2019-04-08T06:39:50+00:00\",\"breadcrumb\":{\"@id\":\"https:\\\/\\\/voice.global\\\/fr\\\/subventions\\\/types-de-subventions\\\/#breadcrumb\"},\"inLanguage\":\"fr-FR\",\"potentialAction\":[{\"@type\":\"ReadAction\",\"target\":[\"https:\\\/\\\/voice.global\\\/fr\\\/subventions\\\/types-de-subventions\\\/\"]}]},{\"@type\":\"ImageObject\",\"inLanguage\":\"fr-FR\",\"@id\":\"https:\\\/\\\/voice.global\\\/fr\\\/subventions\\\/types-de-subventions\\\/#primaryimage\",\"url\":\"https:\\\/\\\/voice.global\\\/assets\\\/2019\\\/04\\\/Grant_Empowerment_04-1-300x169.png\",\"contentUrl\":\"https:\\\/\\\/voice.global\\\/assets\\\/2019\\\/04\\\/Grant_Empowerment_04-1-300x169.png\"},{\"@type\":\"BreadcrumbList\",\"@id\":\"https:\\\/\\\/voice.global\\\/fr\\\/subventions\\\/types-de-subventions\\\/#breadcrumb\",\"itemListElement\":[{\"@type\":\"ListItem\",\"position\":1,\"name\":\"Home\",\"item\":\"https:\\\/\\\/voice.global\\\/fr\\\/\"},{\"@type\":\"ListItem\",\"position\":2,\"name\":\"Subventions\",\"item\":\"https:\\\/\\\/voice.global\\\/fr\\\/subventions\\\/\"},{\"@type\":\"ListItem\",\"position\":3,\"name\":\"Types de Subventions\"}]},{\"@type\":\"WebSite\",\"@id\":\"https:\\\/\\\/voice.global\\\/#website\",\"url\":\"https:\\\/\\\/voice.global\\\/\",\"name\":\"Voice.Global\",\"description\":\"Include - Innovate - Influence\",\"potentialAction\":[{\"@type\":\"SearchAction\",\"target\":{\"@type\":\"EntryPoint\",\"urlTemplate\":\"https:\\\/\\\/voice.global\\\/?s={search_term_string}\"},\"query-input\":{\"@type\":\"PropertyValueSpecification\",\"valueRequired\":true,\"valueName\":\"search_term_string\"}}],\"inLanguage\":\"fr-FR\"}]}<\/script>\n<!-- \/ Yoast SEO plugin. -->","yoast_head_json":{"title":"Types de Subventions - Voice.Global","robots":{"index":"index","follow":"follow","max-snippet":"max-snippet:-1","max-image-preview":"max-image-preview:large","max-video-preview":"max-video-preview:-1"},"canonical":"https:\/\/voice.global\/fr\/subventions\/types-de-subventions\/","og_locale":"fr_FR","og_type":"article","og_title":"Types de Subventions - Voice.Global","og_description":"Voice se d\u00e9marque des autres programmes de subventions en d\u00e9veloppant une demande de subvention et un processus de rapportage adapt\u00e9s aux cinq groupes cibles et quatre types de subventions qui sont accessibles, faciles \u00e0 utiliser et innovants. Le m\u00e9canisme Voice est destin\u00e9 \u00e0 appuyer des groupes informels mais aussi des organisations et r\u00e9seaux officiels bien [&hellip;]","og_url":"https:\/\/voice.global\/fr\/subventions\/types-de-subventions\/","og_site_name":"Voice.Global","article_modified_time":"2019-04-08T06:39:50+00:00","og_image":[{"url":"https:\/\/voice.global\/assets\/2019\/04\/Grant_Empowerment_04-1-300x169.png","type":"","width":"","height":""}],"twitter_card":"summary_large_image","twitter_misc":{"Dur\u00e9e de lecture estim\u00e9e":"2 minutes"},"schema":{"@context":"https:\/\/schema.org","@graph":[{"@type":"WebPage","@id":"https:\/\/voice.global\/fr\/subventions\/types-de-subventions\/","url":"https:\/\/voice.global\/fr\/subventions\/types-de-subventions\/","name":"Types de Subventions - Voice.Global","isPartOf":{"@id":"https:\/\/voice.global\/#website"},"primaryImageOfPage":{"@id":"https:\/\/voice.global\/fr\/subventions\/types-de-subventions\/#primaryimage"},"image":{"@id":"https:\/\/voice.global\/fr\/subventions\/types-de-subventions\/#primaryimage"},"thumbnailUrl":"https:\/\/voice.global\/assets\/2019\/04\/Grant_Empowerment_04-1-300x169.png","datePublished":"2016-08-17T10:57:12+00:00","dateModified":"2019-04-08T06:39:50+00:00","breadcrumb":{"@id":"https:\/\/voice.global\/fr\/subventions\/types-de-subventions\/#breadcrumb"},"inLanguage":"fr-FR","potentialAction":[{"@type":"ReadAction","target":["https:\/\/voice.global\/fr\/subventions\/types-de-subventions\/"]}]},{"@type":"ImageObject","inLanguage":"fr-FR","@id":"https:\/\/voice.global\/fr\/subventions\/types-de-subventions\/#primaryimage","url":"https:\/\/voice.global\/assets\/2019\/04\/Grant_Empowerment_04-1-300x169.png","contentUrl":"https:\/\/voice.global\/assets\/2019\/04\/Grant_Empowerment_04-1-300x169.png"},{"@type":"BreadcrumbList","@id":"https:\/\/voice.global\/fr\/subventions\/types-de-subventions\/#breadcrumb","itemListElement":[{"@type":"ListItem","position":1,"name":"Home","item":"https:\/\/voice.global\/fr\/"},{"@type":"ListItem","position":2,"name":"Subventions","item":"https:\/\/voice.global\/fr\/subventions\/"},{"@type":"ListItem","position":3,"name":"Types de Subventions"}]},{"@type":"WebSite","@id":"https:\/\/voice.global\/#website","url":"https:\/\/voice.global\/","name":"Voice.Global","description":"Include - Innovate - Influence","potentialAction":[{"@type":"SearchAction","target":{"@type":"EntryPoint","urlTemplate":"https:\/\/voice.global\/?s={search_term_string}"},"query-input":{"@type":"PropertyValueSpecification","valueRequired":true,"valueName":"search_term_string"}}],"inLanguage":"fr-FR"}]}},"_links":{"self":[{"href":"https:\/\/voice.global\/fr\/wp-json\/wp\/v2\/pages\/1188","targetHints":{"allow":["GET"]}}],"collection":[{"href":"https:\/\/voice.global\/fr\/wp-json\/wp\/v2\/pages"}],"about":[{"href":"https:\/\/voice.global\/fr\/wp-json\/wp\/v2\/types\/page"}],"author":[{"embeddable":true,"href":"https:\/\/voice.global\/fr\/wp-json\/wp\/v2\/users\/1"}],"replies":[{"embeddable":true,"href":"https:\/\/voice.global\/fr\/wp-json\/wp\/v2\/comments?post=1188"}],"version-history":[{"count":5,"href":"https:\/\/voice.global\/fr\/wp-json\/wp\/v2\/pages\/1188\/revisions"}],"predecessor-version":[{"id":5925,"href":"https:\/\/voice.global\/fr\/wp-json\/wp\/v2\/pages\/1188\/revisions\/5925"}],"up":[{"embeddable":true,"href":"https:\/\/voice.global\/fr\/wp-json\/wp\/v2\/pages\/4558"}],"wp:attachment":[{"href":"https:\/\/voice.global\/fr\/wp-json\/wp\/v2\/media?parent=1188"}],"curies":[{"name":"wp","href":"https:\/\/api.w.org\/{rel}","templated":true}]}}