{"id":1102,"date":"2016-08-16T17:11:01","date_gmt":"2016-08-16T15:11:01","guid":{"rendered":"http:\/\/voice.wbbclient.com\/what-we-do\/"},"modified":"2020-03-14T21:43:55","modified_gmt":"2020-03-14T20:43:55","slug":"ce-que-nous-revons","status":"publish","type":"page","link":"https:\/\/voice.global\/fr\/a-propos-de-nous\/ce-que-nous-revons\/","title":{"rendered":"Ce que nous r\u00eavons"},"content":{"rendered":"<p>Voice d\u00e9fend un monde inclusif o\u00f9 les d\u00e9tenteurs et les d\u00e9tentrices de droits peuvent exprimer leurs opinions et revendiquer leurs droits pour des soci\u00e9t\u00e9s inclusives et responsables.<\/p>\n<p>Pour ce faire, nous accordons diff\u00e9rents <a href=\"https:\/\/voice.global\/fr\/subventions\/types-de-subventions\/\">types de subventions<\/a> pour des projets promouvant la diversit\u00e9 et l&rsquo;inclusion de TOUTES et TOUS au Mali, au Niger, au Nigeria, en Ouganda, en Tanzanie, au Kenya, au Laos, au Cambodge, aux Philippines et en Indon\u00e9sie. Notre objectif est d&rsquo;amplifier et de connecter des voix jusqu&rsquo;ici inconnues pour ne laisser personne derri\u00e8re. Les liens sont \u00e9galement \u00e9tablis et approfondis gr\u00e2ce \u00e0 notre approche passionnante de<a href=\"https:\/\/voice.global\/fr\/linking-and-learning-2\/\"> Lien et Apprentissage<\/a>.<\/p>\n<blockquote><p>Personne ne sera laiss\u00e9 pour compte [dans le voyage collectif pour mettre fin \u00e0 la pauvret\u00e9 et \u00e0 l&rsquo;in\u00e9galit\u00e9]. Nous nous efforcerons d&rsquo;atteindre en premier lieu les plus \u00e9loign\u00e9s<\/p><\/blockquote>\n<p style=\"text-align: center;\"><strong>Manifeste des Objectifs de Developpement Durable et raison d&rsquo;etre de Voice<\/strong><\/p>\n<p>Notre r\u00eave et notre voyage sont visualis\u00e9s dans une passionnante Th\u00e9orie du Changement (TdC), qui s&rsquo;appuie sur trois trajectoires: autonomiser, amplifier et influencer. L&rsquo;exp\u00e9rience montre que ces\u00a0 trajectoires ne sont pas lin\u00e9aires, qu&rsquo;elles sont entrelac\u00e9es et qu&rsquo;elles s&rsquo;influencent mutuellement. La\u00a0 TdC de Voice cherche \u00e0 renforcer la capacit\u00e9 des groupes (informels), organisations et r\u00e9seaux \u00e0 influencer, \u00e0 trouver des alli\u00e9s strat\u00e9giques parmi les d\u00e9tenteurs de pouvoir et les responsables, et \u00e0 promouvoir la collaboration au sein de la soci\u00e9t\u00e9 civile pour d\u00e9fendre les droits dans un espace civique en constante \u00e9volution.<\/p>\n<p>Vous pouvez cliquer sur l&rsquo;image ci-dessous pour t\u00e9l\u00e9charger le texte complet des TdC.<\/p>\n<figure><a href=\"https:\/\/voice.global\/assets\/2020\/02\/Francais-Voice-ToC-image-et-text.pdf\"><img loading=\"lazy\" decoding=\"async\" class=\"aligncenter wp-image-8635 size-large\" src=\"https:\/\/voice.global\/assets\/2020\/02\/voice-toc_francais-3-724x1024.jpg\" alt=\"\" width=\"724\" height=\"1024\" srcset=\"https:\/\/voice.global\/assets\/2020\/02\/voice-toc_francais-3-724x1024.jpg 724w, https:\/\/voice.global\/assets\/2020\/02\/voice-toc_francais-3-212x300.jpg 212w, https:\/\/voice.global\/assets\/2020\/02\/voice-toc_francais-3-768x1086.jpg 768w, https:\/\/voice.global\/assets\/2020\/02\/voice-toc_francais-3-1086x1536.jpg 1086w, https:\/\/voice.global\/assets\/2020\/02\/voice-toc_francais-3-1448x2048.jpg 1448w, https:\/\/voice.global\/assets\/2020\/02\/voice-toc_francais-3-scaled.jpg 1810w\" sizes=\"auto, (max-width: 724px) 100vw, 724px\" \/><\/a><\/figure>\n<div class=\"path-block\">\n<p>Les trois premi\u00e8res ann\u00e9es de mise en \u0153uvre de Voice (2016-2019) confirment que les processus de changement social suivent un chemin complexe o\u00f9 le changement se d\u00e9place dans le temps. Dans de nombreux cas, les changements contextuels dans les pays ont radicalement modifi\u00e9 la relation entre les organisations de la soci\u00e9t\u00e9 civile et le gouvernement, exigeant un ensemble de r\u00e9ponses diff\u00e9rentes. En r\u00e9fl\u00e9chissant sur les hypoth\u00e8ses initiales qui sous-tendent les TdC et les r\u00e9sultats obtenus, nous observons et reconnaissons la diversit\u00e9 des processus d&rsquo;autonomisation, d&rsquo;amplification et d&rsquo;influence qui se produisent \u00e0 de multiples niveaux et pour diff\u00e9rents groupes de d\u00e9tenteurs de droits.<\/p>\n<p>Sur la base de ce qui pr\u00e9c\u00e8de, Voice a pris \u00e0 c\u0153ur les recommandations de l&rsquo;<a href=\"https:\/\/mailchi.mp\/voice\/voicemail-26-jan-2020-informed-by-the-past-stepping-into-2020-in-style\">examen \u00e0 mi-parcours<\/a> et a r\u00e9vis\u00e9 ses TdC et les hypoth\u00e8ses sous-jacentes afin de refl\u00e9ter les \u00e9tapes et les phases du changement social, tant dans les sph\u00e8res de contr\u00f4le que d&rsquo;influence de Voice.<\/p>\n<\/div>\n","protected":false},"excerpt":{"rendered":"<p>Voice d\u00e9fend un monde inclusif o\u00f9 les d\u00e9tenteurs et les d\u00e9tentrices de droits peuvent exprimer leurs opinions et revendiquer leurs droits pour des soci\u00e9t\u00e9s inclusives et responsables. Pour ce faire, nous accordons diff\u00e9rents types de subventions pour des projets promouvant la diversit\u00e9 et l&rsquo;inclusion de TOUTES et TOUS au Mali, au Niger, au Nigeria, en [&hellip;]<\/p>\n","protected":false},"author":1,"featured_media":0,"parent":2455,"menu_order":49,"comment_status":"closed","ping_status":"closed","template":"","meta":{"footnotes":""},"class_list":["post-1102","page","type-page","status-publish","hentry"],"yoast_head":"<!-- This site is optimized with the Yoast SEO plugin v27.4 - https:\/\/yoast.com\/product\/yoast-seo-wordpress\/ -->\n<title>Ce que nous r\u00eavons - Voice.Global<\/title>\n<meta name=\"robots\" content=\"index, follow, max-snippet:-1, max-image-preview:large, max-video-preview:-1\" \/>\n<link rel=\"canonical\" href=\"https:\/\/voice.global\/fr\/a-propos-de-nous\/ce-que-nous-revons\/\" \/>\n<meta property=\"og:locale\" content=\"fr_FR\" \/>\n<meta property=\"og:type\" content=\"article\" \/>\n<meta property=\"og:title\" content=\"Ce que nous r\u00eavons - Voice.Global\" \/>\n<meta property=\"og:description\" content=\"Voice d\u00e9fend un monde inclusif o\u00f9 les d\u00e9tenteurs et les d\u00e9tentrices de droits peuvent exprimer leurs opinions et revendiquer leurs droits pour des soci\u00e9t\u00e9s inclusives et responsables. Pour ce faire, nous accordons diff\u00e9rents types de subventions pour des projets promouvant la diversit\u00e9 et l&rsquo;inclusion de TOUTES et TOUS au Mali, au Niger, au Nigeria, en [&hellip;]\" \/>\n<meta property=\"og:url\" content=\"https:\/\/voice.global\/fr\/a-propos-de-nous\/ce-que-nous-revons\/\" \/>\n<meta property=\"og:site_name\" content=\"Voice.Global\" \/>\n<meta property=\"article:modified_time\" content=\"2020-03-14T20:43:55+00:00\" \/>\n<meta property=\"og:image\" content=\"https:\/\/voice.global\/assets\/2020\/02\/voice-toc_francais-3-724x1024.jpg\" \/>\n<meta name=\"twitter:card\" content=\"summary_large_image\" \/>\n<meta name=\"twitter:label1\" content=\"Dur\u00e9e de lecture estim\u00e9e\" \/>\n\t<meta name=\"twitter:data1\" content=\"2 minutes\" \/>\n<script type=\"application\/ld+json\" class=\"yoast-schema-graph\">{\"@context\":\"https:\\\/\\\/schema.org\",\"@graph\":[{\"@type\":\"WebPage\",\"@id\":\"https:\\\/\\\/voice.global\\\/fr\\\/a-propos-de-nous\\\/ce-que-nous-revons\\\/\",\"url\":\"https:\\\/\\\/voice.global\\\/fr\\\/a-propos-de-nous\\\/ce-que-nous-revons\\\/\",\"name\":\"Ce que nous r\u00eavons - Voice.Global\",\"isPartOf\":{\"@id\":\"https:\\\/\\\/voice.global\\\/#website\"},\"primaryImageOfPage\":{\"@id\":\"https:\\\/\\\/voice.global\\\/fr\\\/a-propos-de-nous\\\/ce-que-nous-revons\\\/#primaryimage\"},\"image\":{\"@id\":\"https:\\\/\\\/voice.global\\\/fr\\\/a-propos-de-nous\\\/ce-que-nous-revons\\\/#primaryimage\"},\"thumbnailUrl\":\"https:\\\/\\\/voice.global\\\/assets\\\/2020\\\/02\\\/voice-toc_francais-3-724x1024.jpg\",\"datePublished\":\"2016-08-16T15:11:01+00:00\",\"dateModified\":\"2020-03-14T20:43:55+00:00\",\"breadcrumb\":{\"@id\":\"https:\\\/\\\/voice.global\\\/fr\\\/a-propos-de-nous\\\/ce-que-nous-revons\\\/#breadcrumb\"},\"inLanguage\":\"fr-FR\",\"potentialAction\":[{\"@type\":\"ReadAction\",\"target\":[\"https:\\\/\\\/voice.global\\\/fr\\\/a-propos-de-nous\\\/ce-que-nous-revons\\\/\"]}]},{\"@type\":\"ImageObject\",\"inLanguage\":\"fr-FR\",\"@id\":\"https:\\\/\\\/voice.global\\\/fr\\\/a-propos-de-nous\\\/ce-que-nous-revons\\\/#primaryimage\",\"url\":\"https:\\\/\\\/voice.global\\\/assets\\\/2020\\\/02\\\/voice-toc_francais-3-724x1024.jpg\",\"contentUrl\":\"https:\\\/\\\/voice.global\\\/assets\\\/2020\\\/02\\\/voice-toc_francais-3-724x1024.jpg\"},{\"@type\":\"BreadcrumbList\",\"@id\":\"https:\\\/\\\/voice.global\\\/fr\\\/a-propos-de-nous\\\/ce-que-nous-revons\\\/#breadcrumb\",\"itemListElement\":[{\"@type\":\"ListItem\",\"position\":1,\"name\":\"Home\",\"item\":\"https:\\\/\\\/voice.global\\\/fr\\\/\"},{\"@type\":\"ListItem\",\"position\":2,\"name\":\"\u00c0 propos de nous\",\"item\":\"https:\\\/\\\/voice.global\\\/fr\\\/a-propos-de-nous\\\/\"},{\"@type\":\"ListItem\",\"position\":3,\"name\":\"Ce que nous r\u00eavons\"}]},{\"@type\":\"WebSite\",\"@id\":\"https:\\\/\\\/voice.global\\\/#website\",\"url\":\"https:\\\/\\\/voice.global\\\/\",\"name\":\"Voice.Global\",\"description\":\"Include - Innovate - Influence\",\"potentialAction\":[{\"@type\":\"SearchAction\",\"target\":{\"@type\":\"EntryPoint\",\"urlTemplate\":\"https:\\\/\\\/voice.global\\\/?s={search_term_string}\"},\"query-input\":{\"@type\":\"PropertyValueSpecification\",\"valueRequired\":true,\"valueName\":\"search_term_string\"}}],\"inLanguage\":\"fr-FR\"}]}<\/script>\n<!-- \/ Yoast SEO plugin. -->","yoast_head_json":{"title":"Ce que nous r\u00eavons - Voice.Global","robots":{"index":"index","follow":"follow","max-snippet":"max-snippet:-1","max-image-preview":"max-image-preview:large","max-video-preview":"max-video-preview:-1"},"canonical":"https:\/\/voice.global\/fr\/a-propos-de-nous\/ce-que-nous-revons\/","og_locale":"fr_FR","og_type":"article","og_title":"Ce que nous r\u00eavons - Voice.Global","og_description":"Voice d\u00e9fend un monde inclusif o\u00f9 les d\u00e9tenteurs et les d\u00e9tentrices de droits peuvent exprimer leurs opinions et revendiquer leurs droits pour des soci\u00e9t\u00e9s inclusives et responsables. Pour ce faire, nous accordons diff\u00e9rents types de subventions pour des projets promouvant la diversit\u00e9 et l&rsquo;inclusion de TOUTES et TOUS au Mali, au Niger, au Nigeria, en [&hellip;]","og_url":"https:\/\/voice.global\/fr\/a-propos-de-nous\/ce-que-nous-revons\/","og_site_name":"Voice.Global","article_modified_time":"2020-03-14T20:43:55+00:00","og_image":[{"url":"https:\/\/voice.global\/assets\/2020\/02\/voice-toc_francais-3-724x1024.jpg","type":"","width":"","height":""}],"twitter_card":"summary_large_image","twitter_misc":{"Dur\u00e9e de lecture estim\u00e9e":"2 minutes"},"schema":{"@context":"https:\/\/schema.org","@graph":[{"@type":"WebPage","@id":"https:\/\/voice.global\/fr\/a-propos-de-nous\/ce-que-nous-revons\/","url":"https:\/\/voice.global\/fr\/a-propos-de-nous\/ce-que-nous-revons\/","name":"Ce que nous r\u00eavons - Voice.Global","isPartOf":{"@id":"https:\/\/voice.global\/#website"},"primaryImageOfPage":{"@id":"https:\/\/voice.global\/fr\/a-propos-de-nous\/ce-que-nous-revons\/#primaryimage"},"image":{"@id":"https:\/\/voice.global\/fr\/a-propos-de-nous\/ce-que-nous-revons\/#primaryimage"},"thumbnailUrl":"https:\/\/voice.global\/assets\/2020\/02\/voice-toc_francais-3-724x1024.jpg","datePublished":"2016-08-16T15:11:01+00:00","dateModified":"2020-03-14T20:43:55+00:00","breadcrumb":{"@id":"https:\/\/voice.global\/fr\/a-propos-de-nous\/ce-que-nous-revons\/#breadcrumb"},"inLanguage":"fr-FR","potentialAction":[{"@type":"ReadAction","target":["https:\/\/voice.global\/fr\/a-propos-de-nous\/ce-que-nous-revons\/"]}]},{"@type":"ImageObject","inLanguage":"fr-FR","@id":"https:\/\/voice.global\/fr\/a-propos-de-nous\/ce-que-nous-revons\/#primaryimage","url":"https:\/\/voice.global\/assets\/2020\/02\/voice-toc_francais-3-724x1024.jpg","contentUrl":"https:\/\/voice.global\/assets\/2020\/02\/voice-toc_francais-3-724x1024.jpg"},{"@type":"BreadcrumbList","@id":"https:\/\/voice.global\/fr\/a-propos-de-nous\/ce-que-nous-revons\/#breadcrumb","itemListElement":[{"@type":"ListItem","position":1,"name":"Home","item":"https:\/\/voice.global\/fr\/"},{"@type":"ListItem","position":2,"name":"\u00c0 propos de nous","item":"https:\/\/voice.global\/fr\/a-propos-de-nous\/"},{"@type":"ListItem","position":3,"name":"Ce que nous r\u00eavons"}]},{"@type":"WebSite","@id":"https:\/\/voice.global\/#website","url":"https:\/\/voice.global\/","name":"Voice.Global","description":"Include - Innovate - Influence","potentialAction":[{"@type":"SearchAction","target":{"@type":"EntryPoint","urlTemplate":"https:\/\/voice.global\/?s={search_term_string}"},"query-input":{"@type":"PropertyValueSpecification","valueRequired":true,"valueName":"search_term_string"}}],"inLanguage":"fr-FR"}]}},"_links":{"self":[{"href":"https:\/\/voice.global\/fr\/wp-json\/wp\/v2\/pages\/1102","targetHints":{"allow":["GET"]}}],"collection":[{"href":"https:\/\/voice.global\/fr\/wp-json\/wp\/v2\/pages"}],"about":[{"href":"https:\/\/voice.global\/fr\/wp-json\/wp\/v2\/types\/page"}],"author":[{"embeddable":true,"href":"https:\/\/voice.global\/fr\/wp-json\/wp\/v2\/users\/1"}],"replies":[{"embeddable":true,"href":"https:\/\/voice.global\/fr\/wp-json\/wp\/v2\/comments?post=1102"}],"version-history":[{"count":5,"href":"https:\/\/voice.global\/fr\/wp-json\/wp\/v2\/pages\/1102\/revisions"}],"predecessor-version":[{"id":9130,"href":"https:\/\/voice.global\/fr\/wp-json\/wp\/v2\/pages\/1102\/revisions\/9130"}],"up":[{"embeddable":true,"href":"https:\/\/voice.global\/fr\/wp-json\/wp\/v2\/pages\/2455"}],"wp:attachment":[{"href":"https:\/\/voice.global\/fr\/wp-json\/wp\/v2\/media?parent=1102"}],"curies":[{"name":"wp","href":"https:\/\/api.w.org\/{rel}","templated":true}]}}